{"id":1052,"date":"2024-04-23T15:06:39","date_gmt":"2024-04-23T15:06:39","guid":{"rendered":"https:\/\/site-en-production.com\/lesfeuillesdechene\/?page_id=1052"},"modified":"2024-07-02T13:06:05","modified_gmt":"2024-07-02T13:06:05","slug":"acces","status":"publish","type":"page","link":"https:\/\/site-en-production.com\/feuillesdechene\/acces\/","title":{"rendered":"Acc\u00e8s"},"content":{"rendered":"\t\t<div data-elementor-type=\"wp-page\" data-elementor-id=\"1052\" class=\"elementor elementor-1052\" data-elementor-post-type=\"page\">\n\t\t\t\t\t\t<section class=\"ob-is-breaking-bad elementor-section elementor-top-section elementor-element elementor-element-3a51a770 elementor-section-full_width elementor-section-height-min-height elementor-section-height-default elementor-section-items-middle\" data-id=\"3a51a770\" data-element_type=\"section\" data-e-type=\"section\" data-settings=\"{&quot;background_background&quot;:&quot;classic&quot;,&quot;_ob_bbad_use_it&quot;:&quot;yes&quot;,&quot;_ob_bbad_sssic_use&quot;:&quot;no&quot;,&quot;_ob_glider_is_slider&quot;:&quot;no&quot;}\">\n\t\t\t\t\t\t\t<div class=\"elementor-background-overlay\"><\/div>\n\t\t\t\t\t\t\t<div class=\"elementor-container elementor-column-gap-default\">\n\t\t\t\t\t<div class=\"elementor-column elementor-col-100 elementor-top-column elementor-element elementor-element-37ab1228\" data-id=\"37ab1228\" data-element_type=\"column\" data-e-type=\"column\" data-settings=\"{&quot;_ob_bbad_is_stalker&quot;:&quot;no&quot;,&quot;_ob_teleporter_use&quot;:false,&quot;_ob_column_hoveranimator&quot;:&quot;no&quot;,&quot;_ob_column_has_pseudo&quot;:&quot;no&quot;}\">\n\t\t\t<div class=\"elementor-widget-wrap\">\n\t\t\t\t\t\t\t<\/div>\n\t\t<\/div>\n\t\t\t\t\t<\/div>\n\t\t<\/section>\n\t\t\t\t<section class=\"ob-is-breaking-bad elementor-section elementor-top-section elementor-element elementor-element-d542889 elementor-section-boxed elementor-section-height-default elementor-section-height-default\" data-id=\"d542889\" data-element_type=\"section\" data-e-type=\"section\" data-settings=\"{&quot;_ob_bbad_use_it&quot;:&quot;yes&quot;,&quot;_ob_bbad_sssic_use&quot;:&quot;no&quot;,&quot;_ob_glider_is_slider&quot;:&quot;no&quot;}\">\n\t\t\t\t\t\t\t<div class=\"elementor-background-overlay\"><\/div>\n\t\t\t\t\t\t\t<div class=\"elementor-container elementor-column-gap-default\">\n\t\t\t\t\t<div class=\"elementor-column elementor-col-100 elementor-top-column elementor-element elementor-element-5065db4\" data-id=\"5065db4\" data-element_type=\"column\" data-e-type=\"column\" data-settings=\"{&quot;_ob_bbad_is_stalker&quot;:&quot;no&quot;,&quot;_ob_teleporter_use&quot;:false,&quot;_ob_column_hoveranimator&quot;:&quot;no&quot;,&quot;_ob_column_has_pseudo&quot;:&quot;no&quot;}\">\n\t\t\t<div class=\"elementor-widget-wrap elementor-element-populated\">\n\t\t\t\t\t\t<div class=\"elementor-element elementor-element-c8e05e9 ob-harakiri-inherit ob-has-background-overlay elementor-widget elementor-widget-heading\" data-id=\"c8e05e9\" data-element_type=\"widget\" data-e-type=\"widget\" data-settings=\"{&quot;_ob_use_harakiri&quot;:&quot;yes&quot;,&quot;_ob_harakiri_writing_mode&quot;:&quot;inherit&quot;,&quot;_ob_harakiri_text_clip&quot;:&quot;none&quot;,&quot;_ob_perspektive_use&quot;:&quot;no&quot;,&quot;_ob_poopart_use&quot;:&quot;yes&quot;,&quot;_ob_shadough_use&quot;:&quot;no&quot;,&quot;_ob_allow_hoveranimator&quot;:&quot;no&quot;,&quot;_ob_widget_stalker_use&quot;:&quot;no&quot;}\" data-widget_type=\"heading.default\">\n\t\t\t\t<div class=\"elementor-widget-container\">\n\t\t\t\t\t<h2 class=\"elementor-heading-title elementor-size-default\">Venir aux Feuilles de Ch\u00eane<\/h2>\t\t\t\t<\/div>\n\t\t\t\t<\/div>\n\t\t\t\t<div class=\"elementor-element elementor-element-e51f64f ob-harakiri-inherit ob-has-background-overlay elementor-widget elementor-widget-heading\" data-id=\"e51f64f\" data-element_type=\"widget\" data-e-type=\"widget\" data-settings=\"{&quot;_ob_use_harakiri&quot;:&quot;yes&quot;,&quot;_ob_harakiri_writing_mode&quot;:&quot;inherit&quot;,&quot;_ob_harakiri_text_clip&quot;:&quot;none&quot;,&quot;_ob_perspektive_use&quot;:&quot;no&quot;,&quot;_ob_poopart_use&quot;:&quot;yes&quot;,&quot;_ob_shadough_use&quot;:&quot;no&quot;,&quot;_ob_allow_hoveranimator&quot;:&quot;no&quot;,&quot;_ob_widget_stalker_use&quot;:&quot;no&quot;}\" data-widget_type=\"heading.default\">\n\t\t\t\t<div class=\"elementor-widget-container\">\n\t\t\t\t\t<h3 class=\"elementor-heading-title elementor-size-default\">Acc\u00e8s<\/h3>\t\t\t\t<\/div>\n\t\t\t\t<\/div>\n\t\t\t\t<div class=\"elementor-element elementor-element-4f8d5c7b elementor-tabs-view-horizontal ob-has-background-overlay ob-use-tabbr elementor-widget elementor-widget-tabs\" data-id=\"4f8d5c7b\" data-element_type=\"widget\" data-e-type=\"widget\" data-settings=\"{&quot;_ob_use_tabbr&quot;:&quot;yes&quot;,&quot;_ob_perspektive_use&quot;:&quot;no&quot;,&quot;_ob_poopart_use&quot;:&quot;yes&quot;,&quot;_ob_shadough_use&quot;:&quot;no&quot;,&quot;_ob_allow_hoveranimator&quot;:&quot;no&quot;,&quot;_ob_widget_stalker_use&quot;:&quot;no&quot;}\" data-widget_type=\"tabs.default\">\n\t\t\t\t<div class=\"elementor-widget-container\">\n\t\t\t\t\t\t\t<div class=\"elementor-tabs\">\n\t\t\t<div class=\"elementor-tabs-wrapper\" role=\"tablist\" >\n\t\t\t\t\t\t\t\t\t<div id=\"elementor-tab-title-1331\" class=\"elementor-tab-title elementor-tab-desktop-title\" aria-selected=\"true\" data-tab=\"1\" role=\"tab\" tabindex=\"0\" aria-controls=\"elementor-tab-content-1331\" aria-expanded=\"false\">En voiture<\/div>\n\t\t\t\t\t\t\t\t\t<div id=\"elementor-tab-title-1332\" class=\"elementor-tab-title elementor-tab-desktop-title\" aria-selected=\"false\" data-tab=\"2\" role=\"tab\" tabindex=\"-1\" aria-controls=\"elementor-tab-content-1332\" aria-expanded=\"false\">En avion<\/div>\n\t\t\t\t\t\t\t\t\t<div id=\"elementor-tab-title-1333\" class=\"elementor-tab-title elementor-tab-desktop-title\" aria-selected=\"false\" data-tab=\"3\" role=\"tab\" tabindex=\"-1\" aria-controls=\"elementor-tab-content-1333\" aria-expanded=\"false\">En train<\/div>\n\t\t\t\t\t\t\t<\/div>\n\t\t\t<div class=\"elementor-tabs-content-wrapper\" role=\"tablist\" aria-orientation=\"vertical\">\n\t\t\t\t\t\t\t\t\t<div class=\"elementor-tab-title elementor-tab-mobile-title\" aria-selected=\"true\" data-tab=\"1\" role=\"tab\" tabindex=\"0\" aria-controls=\"elementor-tab-content-1331\" aria-expanded=\"false\">En voiture<\/div>\n\t\t\t\t\t<div id=\"elementor-tab-content-1331\" class=\"elementor-tab-content elementor-clearfix\" data-tab=\"1\" role=\"tabpanel\" aria-labelledby=\"elementor-tab-title-1331\" tabindex=\"0\" hidden=\"false\"><p><span style=\"text-decoration: underline;\">Par l&rsquo;autoroute A7<\/span> :\u00a0en venant du nord (Lyon), prenez la sortie Orange Sud. En venant du sud (Aix &amp; Marseille) prenez la sortie Avignon Nord.<\/p><p><span style=\"text-decoration: underline;\">Par l&rsquo;autoroute A9 <\/span>: en venant du sud-ouest (Montpellier), prenez la sortie Orange.<\/p><p>Puis prendre la direction de Carpentras.<\/p><\/div>\n\t\t\t\t\t\t\t\t\t<div class=\"elementor-tab-title elementor-tab-mobile-title\" aria-selected=\"false\" data-tab=\"2\" role=\"tab\" tabindex=\"-1\" aria-controls=\"elementor-tab-content-1332\" aria-expanded=\"false\">En avion<\/div>\n\t\t\t\t\t<div id=\"elementor-tab-content-1332\" class=\"elementor-tab-content elementor-clearfix\" data-tab=\"2\" role=\"tabpanel\" aria-labelledby=\"elementor-tab-title-1332\" tabindex=\"0\" hidden=\"hidden\"><p>Les a\u00e9roports les plus proches de Carpentras sont :<\/p><ul><li>\u00a0Avignon (50 km),<\/li><li>N\u00eemes (97 km)<\/li><li>Marseille (110 km).<\/li><\/ul><\/div>\n\t\t\t\t\t\t\t\t\t<div class=\"elementor-tab-title elementor-tab-mobile-title\" aria-selected=\"false\" data-tab=\"3\" role=\"tab\" tabindex=\"-1\" aria-controls=\"elementor-tab-content-1333\" aria-expanded=\"false\">En train<\/div>\n\t\t\t\t\t<div id=\"elementor-tab-content-1333\" class=\"elementor-tab-content elementor-clearfix\" data-tab=\"3\" role=\"tabpanel\" aria-labelledby=\"elementor-tab-title-1333\" tabindex=\"0\" hidden=\"hidden\"><p><span style=\"text-decoration: underline;\">Gare TGV d&rsquo;Avignon<\/span> : \u00e0 30 minutes du Domaine G\u00eete Les Feuilles de Ch\u00eane avec une liaison TER avec la gare de Carpentras).<\/p><p>Des loueurs de voitures \u00e0 la gare TGV de Avignon.<\/p><\/div>\n\t\t\t\t\t\t\t<\/div>\n\t\t<\/div>\n\t\t\t\t\t\t<\/div>\n\t\t\t\t<\/div>\n\t\t\t\t\t<\/div>\n\t\t<\/div>\n\t\t\t\t\t<\/div>\n\t\t<\/section>\n\t\t\t\t<section class=\"ob-is-breaking-bad elementor-section elementor-top-section elementor-element elementor-element-39bc5c9 elementor-section-full_width elementor-section-height-default elementor-section-height-default\" data-id=\"39bc5c9\" data-element_type=\"section\" data-e-type=\"section\" data-settings=\"{&quot;_ob_bbad_use_it&quot;:&quot;yes&quot;,&quot;_ob_bbad_sssic_use&quot;:&quot;no&quot;,&quot;_ob_glider_is_slider&quot;:&quot;no&quot;}\">\n\t\t\t\t\t\t\t<div class=\"elementor-background-overlay\"><\/div>\n\t\t\t\t\t\t\t<div class=\"elementor-container elementor-column-gap-default\">\n\t\t\t\t\t<div class=\"elementor-column elementor-col-100 elementor-top-column elementor-element elementor-element-344d7cb\" data-id=\"344d7cb\" data-element_type=\"column\" data-e-type=\"column\" data-settings=\"{&quot;_ob_bbad_is_stalker&quot;:&quot;no&quot;,&quot;_ob_teleporter_use&quot;:false,&quot;_ob_column_hoveranimator&quot;:&quot;no&quot;,&quot;_ob_column_has_pseudo&quot;:&quot;no&quot;}\">\n\t\t\t<div class=\"elementor-widget-wrap elementor-element-populated\">\n\t\t\t\t\t\t<div class=\"elementor-element elementor-element-41d6a55 ob-harakiri-inherit ob-has-background-overlay elementor-widget elementor-widget-heading\" data-id=\"41d6a55\" data-element_type=\"widget\" data-e-type=\"widget\" data-settings=\"{&quot;_ob_use_harakiri&quot;:&quot;yes&quot;,&quot;_ob_harakiri_writing_mode&quot;:&quot;inherit&quot;,&quot;_ob_harakiri_text_clip&quot;:&quot;none&quot;,&quot;_ob_perspektive_use&quot;:&quot;no&quot;,&quot;_ob_poopart_use&quot;:&quot;yes&quot;,&quot;_ob_shadough_use&quot;:&quot;no&quot;,&quot;_ob_allow_hoveranimator&quot;:&quot;no&quot;,&quot;_ob_widget_stalker_use&quot;:&quot;no&quot;}\" data-widget_type=\"heading.default\">\n\t\t\t\t<div class=\"elementor-widget-container\">\n\t\t\t\t\t<h2 class=\"elementor-heading-title elementor-size-default\">Nous trouver sur la carte<\/h2>\t\t\t\t<\/div>\n\t\t\t\t<\/div>\n\t\t\t\t<div class=\"elementor-element elementor-element-e507992 ob-harakiri-inherit ob-has-background-overlay elementor-widget elementor-widget-heading\" data-id=\"e507992\" data-element_type=\"widget\" data-e-type=\"widget\" data-settings=\"{&quot;_ob_use_harakiri&quot;:&quot;yes&quot;,&quot;_ob_harakiri_writing_mode&quot;:&quot;inherit&quot;,&quot;_ob_harakiri_text_clip&quot;:&quot;none&quot;,&quot;_ob_perspektive_use&quot;:&quot;no&quot;,&quot;_ob_poopart_use&quot;:&quot;yes&quot;,&quot;_ob_shadough_use&quot;:&quot;no&quot;,&quot;_ob_allow_hoveranimator&quot;:&quot;no&quot;,&quot;_ob_widget_stalker_use&quot;:&quot;no&quot;}\" data-widget_type=\"heading.default\">\n\t\t\t\t<div class=\"elementor-widget-container\">\n\t\t\t\t\t<h3 class=\"elementor-heading-title elementor-size-default\">Votre itin\u00e9raire<\/h3>\t\t\t\t<\/div>\n\t\t\t\t<\/div>\n\t\t\t\t\t<\/div>\n\t\t<\/div>\n\t\t\t\t\t<\/div>\n\t\t<\/section>\n\t\t\t\t<section class=\"ob-is-breaking-bad elementor-section elementor-top-section elementor-element elementor-element-3c1674f elementor-section-full_width elementor-section-height-default elementor-section-height-default\" data-id=\"3c1674f\" data-element_type=\"section\" data-e-type=\"section\" data-settings=\"{&quot;_ob_bbad_use_it&quot;:&quot;yes&quot;,&quot;_ob_bbad_sssic_use&quot;:&quot;no&quot;,&quot;_ob_glider_is_slider&quot;:&quot;no&quot;}\">\n\t\t\t\t\t\t<div class=\"elementor-container elementor-column-gap-default\">\n\t\t\t\t\t<div class=\"elementor-column elementor-col-100 elementor-top-column elementor-element elementor-element-7a018c5\" data-id=\"7a018c5\" data-element_type=\"column\" data-e-type=\"column\" data-settings=\"{&quot;_ob_bbad_is_stalker&quot;:&quot;no&quot;,&quot;_ob_teleporter_use&quot;:false,&quot;_ob_column_hoveranimator&quot;:&quot;no&quot;,&quot;_ob_column_has_pseudo&quot;:&quot;no&quot;}\">\n\t\t\t<div class=\"elementor-widget-wrap elementor-element-populated\">\n\t\t\t\t\t\t<div class=\"elementor-element elementor-element-20ca0bc ob-has-background-overlay elementor-widget elementor-widget-html\" data-id=\"20ca0bc\" data-element_type=\"widget\" data-e-type=\"widget\" data-settings=\"{&quot;_ob_perspektive_use&quot;:&quot;no&quot;,&quot;_ob_poopart_use&quot;:&quot;yes&quot;,&quot;_ob_shadough_use&quot;:&quot;no&quot;,&quot;_ob_allow_hoveranimator&quot;:&quot;no&quot;,&quot;_ob_widget_stalker_use&quot;:&quot;no&quot;}\" data-widget_type=\"html.default\">\n\t\t\t\t<div class=\"elementor-widget-container\">\n\t\t\t\t\t<iframe title= \"Gite les feuilles de ch\u00eane\" src=\"https:\/\/www.google.com\/maps\/d\/embed?mid=1VgthShhLCFlB9C4tWATpZ8PVM9uNHNA&ehbc=2E312F\" width=\"640\" height=\"580\"><\/iframe>\t\t\t\t<\/div>\n\t\t\t\t<\/div>\n\t\t\t\t\t<\/div>\n\t\t<\/div>\n\t\t\t\t\t<\/div>\n\t\t<\/section>\n\t\t\t\t<\/div>\n\t\t","protected":false},"excerpt":{"rendered":"<p>Venir aux Feuilles de Ch\u00eane Acc\u00e8s En voiture En avion En train En voiture Par l&rsquo;autoroute A7 :\u00a0en venant du nord (Lyon), prenez la sortie Orange Sud. En venant du sud (Aix &amp; Marseille) prenez la sortie Avignon Nord. Par l&rsquo;autoroute A9 : en venant du sud-ouest (Montpellier), prenez la sortie Orange. Puis prendre la [&hellip;]<\/p>\n","protected":false},"author":1,"featured_media":89,"parent":0,"menu_order":0,"comment_status":"closed","ping_status":"closed","template":"","meta":{"footnotes":""},"class_list":["post-1052","page","type-page","status-publish","has-post-thumbnail","hentry"],"yoast_head":"<!-- This site is optimized with the Yoast SEO plugin v27.4 - https:\/\/yoast.com\/product\/yoast-seo-wordpress\/ -->\n<title>Acc\u00e8s - Les feuilles de ch\u00eane<\/title>\n<meta name=\"description\" content=\"L&#039;acc\u00e8s aux gites les feuilles de ch\u00eane se fait par l&#039;autoroute A7 et A9, sortie Carpentras. La gare TGV se situe \u00e0 30 minutes de nos gites\" \/>\n<meta name=\"robots\" content=\"index, follow, max-snippet:-1, max-image-preview:large, max-video-preview:-1\" \/>\n<link rel=\"canonical\" href=\"https:\/\/site-en-production.com\/feuillesdechene\/acces\/\" \/>\n<meta property=\"og:locale\" content=\"fr_FR\" \/>\n<meta property=\"og:type\" content=\"article\" \/>\n<meta property=\"og:title\" content=\"Acc\u00e8s - Les feuilles de ch\u00eane\" \/>\n<meta property=\"og:description\" content=\"L&#039;acc\u00e8s aux gites les feuilles de ch\u00eane se fait par l&#039;autoroute A7 et A9, sortie Carpentras. La gare TGV se situe \u00e0 30 minutes de nos gites\" \/>\n<meta property=\"og:url\" content=\"https:\/\/site-en-production.com\/feuillesdechene\/acces\/\" \/>\n<meta property=\"og:site_name\" content=\"Les feuilles de ch\u00eane\" \/>\n<meta property=\"article:publisher\" content=\"https:\/\/www.facebook.com\/p\/Gites-Les-Feuilles-de-Chene-100083405583997\/?_rdr\" \/>\n<meta property=\"article:modified_time\" content=\"2024-07-02T13:06:05+00:00\" \/>\n<meta property=\"og:image\" content=\"https:\/\/site-en-production.com\/feuillesdechene\/wp-content\/uploads\/2024\/03\/IMG_2225-scaled.jpeg\" \/>\n\t<meta property=\"og:image:width\" content=\"2048\" \/>\n\t<meta property=\"og:image:height\" content=\"1536\" \/>\n\t<meta property=\"og:image:type\" content=\"image\/jpeg\" \/>\n<meta name=\"twitter:card\" content=\"summary_large_image\" \/>\n<meta name=\"twitter:label1\" content=\"Dur\u00e9e de lecture estim\u00e9e\" \/>\n\t<meta name=\"twitter:data1\" content=\"1 minute\" \/>\n<script type=\"application\/ld+json\" class=\"yoast-schema-graph\">{\"@context\":\"https:\\\/\\\/schema.org\",\"@graph\":[{\"@type\":\"WebPage\",\"@id\":\"https:\\\/\\\/site-en-production.com\\\/feuillesdechene\\\/acces\\\/\",\"url\":\"https:\\\/\\\/site-en-production.com\\\/feuillesdechene\\\/acces\\\/\",\"name\":\"Acc\u00e8s - Les feuilles de ch\u00eane\",\"isPartOf\":{\"@id\":\"https:\\\/\\\/site-en-production.com\\\/feuillesdechene\\\/#website\"},\"primaryImageOfPage\":{\"@id\":\"https:\\\/\\\/site-en-production.com\\\/feuillesdechene\\\/acces\\\/#primaryimage\"},\"image\":{\"@id\":\"https:\\\/\\\/site-en-production.com\\\/feuillesdechene\\\/acces\\\/#primaryimage\"},\"thumbnailUrl\":\"https:\\\/\\\/site-en-production.com\\\/feuillesdechene\\\/wp-content\\\/uploads\\\/2024\\\/03\\\/IMG_2225-scaled.jpeg\",\"datePublished\":\"2024-04-23T15:06:39+00:00\",\"dateModified\":\"2024-07-02T13:06:05+00:00\",\"description\":\"L'acc\u00e8s aux gites les feuilles de ch\u00eane se fait par l'autoroute A7 et A9, sortie Carpentras. La gare TGV se situe \u00e0 30 minutes de nos gites\",\"breadcrumb\":{\"@id\":\"https:\\\/\\\/site-en-production.com\\\/feuillesdechene\\\/acces\\\/#breadcrumb\"},\"inLanguage\":\"fr-FR\",\"potentialAction\":[{\"@type\":\"ReadAction\",\"target\":[\"https:\\\/\\\/site-en-production.com\\\/feuillesdechene\\\/acces\\\/\"]}]},{\"@type\":\"ImageObject\",\"inLanguage\":\"fr-FR\",\"@id\":\"https:\\\/\\\/site-en-production.com\\\/feuillesdechene\\\/acces\\\/#primaryimage\",\"url\":\"https:\\\/\\\/site-en-production.com\\\/feuillesdechene\\\/wp-content\\\/uploads\\\/2024\\\/03\\\/IMG_2225-scaled.jpeg\",\"contentUrl\":\"https:\\\/\\\/site-en-production.com\\\/feuillesdechene\\\/wp-content\\\/uploads\\\/2024\\\/03\\\/IMG_2225-scaled.jpeg\",\"width\":2048,\"height\":1536,\"caption\":\"Jardin des gites les feuilles de ch\u00eane \u00e0 Capentras\"},{\"@type\":\"BreadcrumbList\",\"@id\":\"https:\\\/\\\/site-en-production.com\\\/feuillesdechene\\\/acces\\\/#breadcrumb\",\"itemListElement\":[{\"@type\":\"ListItem\",\"position\":1,\"name\":\"Accueil\",\"item\":\"https:\\\/\\\/site-en-production.com\\\/feuillesdechene\\\/\"},{\"@type\":\"ListItem\",\"position\":2,\"name\":\"Acc\u00e8s\"}]},{\"@type\":\"WebSite\",\"@id\":\"https:\\\/\\\/site-en-production.com\\\/feuillesdechene\\\/#website\",\"url\":\"https:\\\/\\\/site-en-production.com\\\/feuillesdechene\\\/\",\"name\":\"Les feuilles de ch\u00eane\",\"description\":\"G\u00eetes et chambres d&#039;h\u00f4tes Les feuilles de ch\u00eane\",\"publisher\":{\"@id\":\"https:\\\/\\\/site-en-production.com\\\/feuillesdechene\\\/#organization\"},\"potentialAction\":[{\"@type\":\"SearchAction\",\"target\":{\"@type\":\"EntryPoint\",\"urlTemplate\":\"https:\\\/\\\/site-en-production.com\\\/feuillesdechene\\\/?s={search_term_string}\"},\"query-input\":{\"@type\":\"PropertyValueSpecification\",\"valueRequired\":true,\"valueName\":\"search_term_string\"}}],\"inLanguage\":\"fr-FR\"},{\"@type\":\"Organization\",\"@id\":\"https:\\\/\\\/site-en-production.com\\\/feuillesdechene\\\/#organization\",\"name\":\"Les feuilles de ch\u00eane\",\"url\":\"https:\\\/\\\/site-en-production.com\\\/feuillesdechene\\\/\",\"logo\":{\"@type\":\"ImageObject\",\"inLanguage\":\"fr-FR\",\"@id\":\"https:\\\/\\\/site-en-production.com\\\/feuillesdechene\\\/#\\\/schema\\\/logo\\\/image\\\/\",\"url\":\"https:\\\/\\\/site-en-production.com\\\/feuillesdechene\\\/wp-content\\\/uploads\\\/2024\\\/03\\\/cropped-logo-feuilles-de-chene.jpg\",\"contentUrl\":\"https:\\\/\\\/site-en-production.com\\\/feuillesdechene\\\/wp-content\\\/uploads\\\/2024\\\/03\\\/cropped-logo-feuilles-de-chene.jpg\",\"width\":1036,\"height\":610,\"caption\":\"Les feuilles de ch\u00eane\"},\"image\":{\"@id\":\"https:\\\/\\\/site-en-production.com\\\/feuillesdechene\\\/#\\\/schema\\\/logo\\\/image\\\/\"},\"sameAs\":[\"https:\\\/\\\/www.facebook.com\\\/p\\\/Gites-Les-Feuilles-de-Chene-100083405583997\\\/?_rdr\",\"https:\\\/\\\/www.instagram.com\\\/giteslesfeuillesdechene.84\\\/\"]}]}<\/script>\n<!-- \/ Yoast SEO plugin. -->","yoast_head_json":{"title":"Acc\u00e8s - Les feuilles de ch\u00eane","description":"L'acc\u00e8s aux gites les feuilles de ch\u00eane se fait par l'autoroute A7 et A9, sortie Carpentras. La gare TGV se situe \u00e0 30 minutes de nos gites","robots":{"index":"index","follow":"follow","max-snippet":"max-snippet:-1","max-image-preview":"max-image-preview:large","max-video-preview":"max-video-preview:-1"},"canonical":"https:\/\/site-en-production.com\/feuillesdechene\/acces\/","og_locale":"fr_FR","og_type":"article","og_title":"Acc\u00e8s - Les feuilles de ch\u00eane","og_description":"L'acc\u00e8s aux gites les feuilles de ch\u00eane se fait par l'autoroute A7 et A9, sortie Carpentras. La gare TGV se situe \u00e0 30 minutes de nos gites","og_url":"https:\/\/site-en-production.com\/feuillesdechene\/acces\/","og_site_name":"Les feuilles de ch\u00eane","article_publisher":"https:\/\/www.facebook.com\/p\/Gites-Les-Feuilles-de-Chene-100083405583997\/?_rdr","article_modified_time":"2024-07-02T13:06:05+00:00","og_image":[{"width":2048,"height":1536,"url":"https:\/\/site-en-production.com\/feuillesdechene\/wp-content\/uploads\/2024\/03\/IMG_2225-scaled.jpeg","type":"image\/jpeg"}],"twitter_card":"summary_large_image","twitter_misc":{"Dur\u00e9e de lecture estim\u00e9e":"1 minute"},"schema":{"@context":"https:\/\/schema.org","@graph":[{"@type":"WebPage","@id":"https:\/\/site-en-production.com\/feuillesdechene\/acces\/","url":"https:\/\/site-en-production.com\/feuillesdechene\/acces\/","name":"Acc\u00e8s - Les feuilles de ch\u00eane","isPartOf":{"@id":"https:\/\/site-en-production.com\/feuillesdechene\/#website"},"primaryImageOfPage":{"@id":"https:\/\/site-en-production.com\/feuillesdechene\/acces\/#primaryimage"},"image":{"@id":"https:\/\/site-en-production.com\/feuillesdechene\/acces\/#primaryimage"},"thumbnailUrl":"https:\/\/site-en-production.com\/feuillesdechene\/wp-content\/uploads\/2024\/03\/IMG_2225-scaled.jpeg","datePublished":"2024-04-23T15:06:39+00:00","dateModified":"2024-07-02T13:06:05+00:00","description":"L'acc\u00e8s aux gites les feuilles de ch\u00eane se fait par l'autoroute A7 et A9, sortie Carpentras. La gare TGV se situe \u00e0 30 minutes de nos gites","breadcrumb":{"@id":"https:\/\/site-en-production.com\/feuillesdechene\/acces\/#breadcrumb"},"inLanguage":"fr-FR","potentialAction":[{"@type":"ReadAction","target":["https:\/\/site-en-production.com\/feuillesdechene\/acces\/"]}]},{"@type":"ImageObject","inLanguage":"fr-FR","@id":"https:\/\/site-en-production.com\/feuillesdechene\/acces\/#primaryimage","url":"https:\/\/site-en-production.com\/feuillesdechene\/wp-content\/uploads\/2024\/03\/IMG_2225-scaled.jpeg","contentUrl":"https:\/\/site-en-production.com\/feuillesdechene\/wp-content\/uploads\/2024\/03\/IMG_2225-scaled.jpeg","width":2048,"height":1536,"caption":"Jardin des gites les feuilles de ch\u00eane \u00e0 Capentras"},{"@type":"BreadcrumbList","@id":"https:\/\/site-en-production.com\/feuillesdechene\/acces\/#breadcrumb","itemListElement":[{"@type":"ListItem","position":1,"name":"Accueil","item":"https:\/\/site-en-production.com\/feuillesdechene\/"},{"@type":"ListItem","position":2,"name":"Acc\u00e8s"}]},{"@type":"WebSite","@id":"https:\/\/site-en-production.com\/feuillesdechene\/#website","url":"https:\/\/site-en-production.com\/feuillesdechene\/","name":"Les feuilles de ch\u00eane","description":"G\u00eetes et chambres d&#039;h\u00f4tes Les feuilles de ch\u00eane","publisher":{"@id":"https:\/\/site-en-production.com\/feuillesdechene\/#organization"},"potentialAction":[{"@type":"SearchAction","target":{"@type":"EntryPoint","urlTemplate":"https:\/\/site-en-production.com\/feuillesdechene\/?s={search_term_string}"},"query-input":{"@type":"PropertyValueSpecification","valueRequired":true,"valueName":"search_term_string"}}],"inLanguage":"fr-FR"},{"@type":"Organization","@id":"https:\/\/site-en-production.com\/feuillesdechene\/#organization","name":"Les feuilles de ch\u00eane","url":"https:\/\/site-en-production.com\/feuillesdechene\/","logo":{"@type":"ImageObject","inLanguage":"fr-FR","@id":"https:\/\/site-en-production.com\/feuillesdechene\/#\/schema\/logo\/image\/","url":"https:\/\/site-en-production.com\/feuillesdechene\/wp-content\/uploads\/2024\/03\/cropped-logo-feuilles-de-chene.jpg","contentUrl":"https:\/\/site-en-production.com\/feuillesdechene\/wp-content\/uploads\/2024\/03\/cropped-logo-feuilles-de-chene.jpg","width":1036,"height":610,"caption":"Les feuilles de ch\u00eane"},"image":{"@id":"https:\/\/site-en-production.com\/feuillesdechene\/#\/schema\/logo\/image\/"},"sameAs":["https:\/\/www.facebook.com\/p\/Gites-Les-Feuilles-de-Chene-100083405583997\/?_rdr","https:\/\/www.instagram.com\/giteslesfeuillesdechene.84\/"]}]}},"_links":{"self":[{"href":"https:\/\/site-en-production.com\/feuillesdechene\/wp-json\/wp\/v2\/pages\/1052","targetHints":{"allow":["GET"]}}],"collection":[{"href":"https:\/\/site-en-production.com\/feuillesdechene\/wp-json\/wp\/v2\/pages"}],"about":[{"href":"https:\/\/site-en-production.com\/feuillesdechene\/wp-json\/wp\/v2\/types\/page"}],"author":[{"embeddable":true,"href":"https:\/\/site-en-production.com\/feuillesdechene\/wp-json\/wp\/v2\/users\/1"}],"replies":[{"embeddable":true,"href":"https:\/\/site-en-production.com\/feuillesdechene\/wp-json\/wp\/v2\/comments?post=1052"}],"version-history":[{"count":22,"href":"https:\/\/site-en-production.com\/feuillesdechene\/wp-json\/wp\/v2\/pages\/1052\/revisions"}],"predecessor-version":[{"id":1076,"href":"https:\/\/site-en-production.com\/feuillesdechene\/wp-json\/wp\/v2\/pages\/1052\/revisions\/1076"}],"wp:featuredmedia":[{"embeddable":true,"href":"https:\/\/site-en-production.com\/feuillesdechene\/wp-json\/wp\/v2\/media\/89"}],"wp:attachment":[{"href":"https:\/\/site-en-production.com\/feuillesdechene\/wp-json\/wp\/v2\/media?parent=1052"}],"curies":[{"name":"wp","href":"https:\/\/api.w.org\/{rel}","templated":true}]}}