{"id":418,"date":"2023-08-01T14:14:32","date_gmt":"2023-08-01T14:14:32","guid":{"rendered":"https:\/\/henry2.fr\/?page_id=418"},"modified":"2024-05-24T16:10:48","modified_gmt":"2024-05-24T14:10:48","slug":"acces","status":"publish","type":"page","link":"https:\/\/site-en-production.com\/henry2\/acces\/","title":{"rendered":"Info &#038; Acc\u00e8s"},"content":{"rendered":"\t\t<div data-elementor-type=\"wp-page\" data-elementor-id=\"418\" class=\"elementor elementor-418\" data-elementor-settings=\"{&quot;enable_dceScrolling&quot;:&quot;yes&quot;,&quot;scroll_id_page&quot;:418}\" data-elementor-post-type=\"page\">\n\t\t\t\t\t\t<section class=\"ob-is-breaking-bad elementor-section elementor-top-section elementor-element elementor-element-6a75d436 elementor-section-full_width elementor-section-height-min-height elementor-section-height-default elementor-section-items-middle\" data-dce-background-overlay-color=\"#3A3030AB\" data-dce-background-image-url=\"https:\/\/site-en-production.com\/henry2\/wp-content\/uploads\/2023\/09\/hotel-henry-2-beaune-facade-338-scaled.jpg\" data-id=\"6a75d436\" data-element_type=\"section\" data-e-type=\"section\" data-settings=\"{&quot;background_background&quot;:&quot;classic&quot;,&quot;_ob_bbad_use_it&quot;:&quot;yes&quot;,&quot;_ob_bbad_sssic_use&quot;:&quot;no&quot;,&quot;_ob_glider_is_slider&quot;:&quot;no&quot;}\">\n\t\t\t\t\t\t\t<div class=\"elementor-background-overlay\"><\/div>\n\t\t\t\t\t\t\t<div class=\"elementor-container elementor-column-gap-default\">\n\t\t\t\t\t<div class=\"elementor-column elementor-col-100 elementor-top-column elementor-element elementor-element-3dd40de5\" data-id=\"3dd40de5\" data-element_type=\"column\" data-e-type=\"column\" data-settings=\"{&quot;_ob_bbad_is_stalker&quot;:&quot;no&quot;,&quot;_ob_teleporter_use&quot;:false,&quot;_ob_column_hoveranimator&quot;:&quot;no&quot;,&quot;_ob_column_has_pseudo&quot;:&quot;no&quot;}\">\n\t\t\t<div class=\"elementor-widget-wrap elementor-element-populated\">\n\t\t\t\t\t\t<section class=\"ob-is-breaking-bad ob-bb-inner elementor-section elementor-inner-section elementor-element elementor-element-3c5ccbb1 elementor-section-content-middle elementor-section-boxed elementor-section-height-default elementor-section-height-default\" data-id=\"3c5ccbb1\" data-element_type=\"section\" data-e-type=\"section\" data-settings=\"{&quot;background_background&quot;:&quot;classic&quot;,&quot;_ob_bbad_use_it&quot;:&quot;yes&quot;,&quot;_ob_bbad_sssic_use&quot;:&quot;no&quot;,&quot;_ob_glider_is_slider&quot;:&quot;no&quot;}\">\n\t\t\t\t\t\t<div class=\"elementor-container elementor-column-gap-default\">\n\t\t\t\t\t<div class=\"elementor-column elementor-col-100 elementor-inner-column elementor-element elementor-element-2d8ad0e9\" data-id=\"2d8ad0e9\" data-element_type=\"column\" data-e-type=\"column\" data-settings=\"{&quot;_ob_bbad_is_stalker&quot;:&quot;no&quot;,&quot;_ob_teleporter_use&quot;:false,&quot;_ob_column_hoveranimator&quot;:&quot;no&quot;,&quot;_ob_column_has_pseudo&quot;:&quot;no&quot;}\">\n\t\t\t<div class=\"elementor-widget-wrap elementor-element-populated\">\n\t\t\t\t\t\t<div data-dce-title-color=\"#FFFFFF\" class=\"elementor-element elementor-element-6978e587 ob-harakiri-inherit ob-has-background-overlay elementor-widget elementor-widget-heading\" data-id=\"6978e587\" data-element_type=\"widget\" data-e-type=\"widget\" data-settings=\"{&quot;_ob_use_harakiri&quot;:&quot;yes&quot;,&quot;_ob_harakiri_writing_mode&quot;:&quot;inherit&quot;,&quot;_ob_harakiri_text_clip&quot;:&quot;none&quot;,&quot;_ob_perspektive_use&quot;:&quot;no&quot;,&quot;_ob_poopart_use&quot;:&quot;yes&quot;,&quot;_ob_shadough_use&quot;:&quot;no&quot;,&quot;_ob_allow_hoveranimator&quot;:&quot;no&quot;,&quot;_ob_widget_stalker_use&quot;:&quot;no&quot;}\" data-widget_type=\"heading.default\">\n\t\t\t\t<div class=\"elementor-widget-container\">\n\t\t\t\t\t<h1 class=\"elementor-heading-title elementor-size-default\">Acc\u00e8s<\/h1>\t\t\t\t<\/div>\n\t\t\t\t<\/div>\n\t\t\t\t\t<\/div>\n\t\t<\/div>\n\t\t\t\t\t<\/div>\n\t\t<\/section>\n\t\t\t\t\t<\/div>\n\t\t<\/div>\n\t\t\t\t\t<\/div>\n\t\t<\/section>\n\t\t\t\t<section class=\"ob-is-breaking-bad elementor-section elementor-top-section elementor-element elementor-element-2bca9f12 elementor-section-boxed elementor-section-height-default elementor-section-height-default\" data-id=\"2bca9f12\" data-element_type=\"section\" data-e-type=\"section\" data-settings=\"{&quot;_ob_bbad_use_it&quot;:&quot;yes&quot;,&quot;_ob_bbad_sssic_use&quot;:&quot;no&quot;,&quot;_ob_glider_is_slider&quot;:&quot;no&quot;}\">\n\t\t\t\t\t\t<div class=\"elementor-container elementor-column-gap-default\">\n\t\t\t\t\t<div class=\"elementor-column elementor-col-100 elementor-top-column elementor-element elementor-element-3ffeb2e1\" data-id=\"3ffeb2e1\" data-element_type=\"column\" data-e-type=\"column\" data-settings=\"{&quot;_ob_bbad_is_stalker&quot;:&quot;no&quot;,&quot;_ob_teleporter_use&quot;:false,&quot;_ob_column_hoveranimator&quot;:&quot;no&quot;,&quot;_ob_column_has_pseudo&quot;:&quot;no&quot;}\">\n\t\t\t<div class=\"elementor-widget-wrap elementor-element-populated\">\n\t\t\t\t\t\t<div data-dce-title-color=\"#652929\" class=\"elementor-element elementor-element-429c9243 ob-harakiri-inherit ob-has-background-overlay elementor-widget elementor-widget-heading\" data-id=\"429c9243\" data-element_type=\"widget\" data-e-type=\"widget\" data-settings=\"{&quot;_ob_use_harakiri&quot;:&quot;yes&quot;,&quot;_ob_harakiri_writing_mode&quot;:&quot;inherit&quot;,&quot;_ob_harakiri_text_clip&quot;:&quot;none&quot;,&quot;_ob_perspektive_use&quot;:&quot;no&quot;,&quot;_ob_poopart_use&quot;:&quot;yes&quot;,&quot;_ob_shadough_use&quot;:&quot;no&quot;,&quot;_ob_allow_hoveranimator&quot;:&quot;no&quot;,&quot;_ob_widget_stalker_use&quot;:&quot;no&quot;}\" data-widget_type=\"heading.default\">\n\t\t\t\t<div class=\"elementor-widget-container\">\n\t\t\t\t\t<h2 class=\"elementor-heading-title elementor-size-default\">Acc\u00e9der  l'h\u00f4tel Henry ii<\/h2>\t\t\t\t<\/div>\n\t\t\t\t<\/div>\n\t\t\t\t<div class=\"elementor-element elementor-element-6ffa055e elementor-widget-divider--view-line ob-has-background-overlay elementor-widget elementor-widget-divider\" data-id=\"6ffa055e\" data-element_type=\"widget\" data-e-type=\"widget\" data-settings=\"{&quot;_ob_perspektive_use&quot;:&quot;no&quot;,&quot;_ob_poopart_use&quot;:&quot;yes&quot;,&quot;_ob_shadough_use&quot;:&quot;no&quot;,&quot;_ob_allow_hoveranimator&quot;:&quot;no&quot;,&quot;_ob_widget_stalker_use&quot;:&quot;no&quot;}\" data-widget_type=\"divider.default\">\n\t\t\t\t<div class=\"elementor-widget-container\">\n\t\t\t\t\t\t\t<div class=\"elementor-divider\">\n\t\t\t<span class=\"elementor-divider-separator\">\n\t\t\t\t\t\t<\/span>\n\t\t<\/div>\n\t\t\t\t\t\t<\/div>\n\t\t\t\t<\/div>\n\t\t\t\t\t<\/div>\n\t\t<\/div>\n\t\t\t\t\t<\/div>\n\t\t<\/section>\n\t\t\t\t<section class=\"ob-is-breaking-bad elementor-section elementor-top-section elementor-element elementor-element-16c1f34f elementor-section-full_width elementor-section-height-default elementor-section-height-default elementor-invisible\" data-id=\"16c1f34f\" data-element_type=\"section\" data-e-type=\"section\" data-settings=\"{&quot;background_background&quot;:&quot;classic&quot;,&quot;animation&quot;:&quot;fadeInLeft&quot;,&quot;_ob_bbad_use_it&quot;:&quot;yes&quot;,&quot;_ob_bbad_sssic_use&quot;:&quot;no&quot;,&quot;_ob_glider_is_slider&quot;:&quot;no&quot;}\">\n\t\t\t\t\t\t\t<div class=\"elementor-background-overlay\"><\/div>\n\t\t\t\t\t\t\t<div class=\"elementor-container elementor-column-gap-no\">\n\t\t\t\t\t<div class=\"elementor-column elementor-col-50 elementor-top-column elementor-element elementor-element-56db286f\" data-id=\"56db286f\" data-element_type=\"column\" data-e-type=\"column\" data-settings=\"{&quot;background_background&quot;:&quot;classic&quot;,&quot;_ob_bbad_is_stalker&quot;:&quot;no&quot;,&quot;_ob_teleporter_use&quot;:false,&quot;_ob_column_hoveranimator&quot;:&quot;no&quot;,&quot;_ob_column_has_pseudo&quot;:&quot;no&quot;}\">\n\t\t\t<div class=\"elementor-widget-wrap elementor-element-populated\">\n\t\t\t\t\t<div class=\"elementor-background-overlay\"><\/div>\n\t\t\t\t\t\t<section class=\"ob-is-breaking-bad ob-bb-inner elementor-section elementor-inner-section elementor-element elementor-element-2e2b5e33 elementor-section-boxed elementor-section-height-default elementor-section-height-default\" data-dce-background-overlay-image-url=\"https:\/\/site-en-production.com\/henry2\/wp-content\/uploads\/2023\/07\/feuillage-dore.png\" data-id=\"2e2b5e33\" data-element_type=\"section\" data-e-type=\"section\" data-settings=\"{&quot;background_background&quot;:&quot;classic&quot;,&quot;_ob_bbad_use_it&quot;:&quot;yes&quot;,&quot;_ob_bbad_sssic_use&quot;:&quot;no&quot;,&quot;_ob_glider_is_slider&quot;:&quot;no&quot;}\">\n\t\t\t\t\t\t\t<div class=\"elementor-background-overlay\"><\/div>\n\t\t\t\t\t\t\t<div class=\"elementor-container elementor-column-gap-default\">\n\t\t\t\t\t<div class=\"elementor-column elementor-col-100 elementor-inner-column elementor-element elementor-element-297de04\" data-id=\"297de04\" data-element_type=\"column\" data-e-type=\"column\" data-settings=\"{&quot;_ob_bbad_is_stalker&quot;:&quot;no&quot;,&quot;_ob_teleporter_use&quot;:false,&quot;_ob_column_hoveranimator&quot;:&quot;no&quot;,&quot;_ob_column_has_pseudo&quot;:&quot;no&quot;}\">\n\t\t\t<div class=\"elementor-widget-wrap elementor-element-populated\">\n\t\t\t\t\t\t<div class=\"elementor-element elementor-element-ec42109 ob-harakiri-inherit ob-has-background-overlay elementor-widget elementor-widget-heading\" data-id=\"ec42109\" data-element_type=\"widget\" data-e-type=\"widget\" data-settings=\"{&quot;_ob_use_harakiri&quot;:&quot;yes&quot;,&quot;_ob_harakiri_writing_mode&quot;:&quot;inherit&quot;,&quot;_ob_harakiri_text_clip&quot;:&quot;none&quot;,&quot;_ob_perspektive_use&quot;:&quot;no&quot;,&quot;_ob_poopart_use&quot;:&quot;yes&quot;,&quot;_ob_shadough_use&quot;:&quot;no&quot;,&quot;_ob_allow_hoveranimator&quot;:&quot;no&quot;,&quot;_ob_widget_stalker_use&quot;:&quot;no&quot;}\" data-widget_type=\"heading.default\">\n\t\t\t\t<div class=\"elementor-widget-container\">\n\t\t\t\t\t<h2 class=\"elementor-heading-title elementor-size-default\">Informations pratiques<\/h2>\t\t\t\t<\/div>\n\t\t\t\t<\/div>\n\t\t\t\t<div class=\"elementor-element elementor-element-6829d31 ob-harakiri-inherit ob-has-background-overlay elementor-widget elementor-widget-text-editor\" data-id=\"6829d31\" data-element_type=\"widget\" data-e-type=\"widget\" data-settings=\"{&quot;_ob_use_harakiri&quot;:&quot;yes&quot;,&quot;_ob_harakiri_writing_mode&quot;:&quot;inherit&quot;,&quot;_ob_postman_use&quot;:&quot;no&quot;,&quot;_ob_perspektive_use&quot;:&quot;no&quot;,&quot;_ob_poopart_use&quot;:&quot;yes&quot;,&quot;_ob_shadough_use&quot;:&quot;no&quot;,&quot;_ob_allow_hoveranimator&quot;:&quot;no&quot;,&quot;_ob_widget_stalker_use&quot;:&quot;no&quot;}\" data-widget_type=\"text-editor.default\">\n\t\t\t\t<div class=\"elementor-widget-container\">\n\t\t\t\t\t\t\t\t\t<section class=\"ob-is-breaking-bad ob-bb-inner elementor-section elementor-inner-section elementor-element elementor-element-ae104d6 elementor-section-boxed elementor-section-height-default elementor-section-height-default\" data-id=\"ae104d6\" data-element_type=\"section\" data-settings=\"{&quot;background_background&quot;:&quot;video&quot;,&quot;_ob_bbad_use_it&quot;:&quot;yes&quot;,&quot;_ob_bbad_sssic_use&quot;:&quot;no&quot;,&quot;_ob_glider_is_slider&quot;:&quot;no&quot;}\"><div class=\"elementor-container elementor-column-gap-default\"><div class=\"elementor-row\"><div class=\"elementor-column elementor-col-100 elementor-inner-column elementor-element elementor-element-f09b0c4 animated fadeInLeft\" data-id=\"f09b0c4\" data-element_type=\"column\" data-settings=\"{&quot;background_background&quot;:&quot;classic&quot;,&quot;_ob_bbad_is_stalker&quot;:&quot;no&quot;,&quot;_ob_teleporter_use&quot;:false,&quot;_ob_column_hoveranimator&quot;:&quot;no&quot;,&quot;_ob_column_has_pseudo&quot;:&quot;no&quot;}\"><div class=\"elementor-column-wrap elementor-element-populated\"><div class=\"elementor-widget-wrap\"><div class=\"elementor-element elementor-element-cb4721f ob-harakiri-inherit ob-has-background-overlay elementor-widget elementor-widget-text-editor ob-harakiri\" data-id=\"cb4721f\" data-element_type=\"widget\" data-settings=\"{&quot;_ob_use_harakiri&quot;:&quot;yes&quot;,&quot;_ob_harakiri_writing_mode&quot;:&quot;inherit&quot;,&quot;_ob_postman_use&quot;:&quot;no&quot;,&quot;_ob_perspektive_use&quot;:&quot;no&quot;,&quot;_ob_poopart_use&quot;:&quot;yes&quot;,&quot;_ob_shadough_use&quot;:&quot;no&quot;,&quot;_ob_allow_hoveranimator&quot;:&quot;no&quot;,&quot;_ob_widget_stalker_use&quot;:&quot;no&quot;}\" data-widget_type=\"text-editor.default\"><div class=\"elementor-widget-container\"><div class=\"elementor-text-editor elementor-clearfix\"><p>Votre chambre est disponible \u00e0 partir de 16h le jour de votre arriv\u00e9e jusqu\u2019\u00e0 12h le jour de votre d\u00e9part.\u00a0<\/p><p>Un garage privatif surveill\u00e9 et ferm\u00e9 de 27 places est \u00e0 votre disposition sur demande et selon disponibilit\u00e9 (Payant). Hauteur max 1,90m.<\/p><p>Deux bornes de recharge rapide (payantes) sont disponibles pour les v\u00e9hicules \u00e9lectriques.<\/p><p>Le petit d\u00e9jeuner est servi sous forme de buffet, le matin de 6h30 \u00e0 10h30.<\/p><p>Le wifi est accessible partout dans l\u2019\u00e9tablissement, aussi bien dans les chambres que dans les espaces communs.<\/p><p>Nos amis les animaux sont les bienvenus (avec suppl\u00e9ment).<\/p><p>Notre \u00e9tablissement dispose d&rsquo;am\u00e9nagements pour les personnes \u00e0 mobilit\u00e9 r\u00e9duite.<\/p><p>Votre satisfaction est notre priorit\u00e9, n\u2019h\u00e9sitez pas \u00e0 nous solliciter pour tout renseignement.<\/p><\/div><\/div><\/div><\/div><\/div><\/div><\/div><\/div><\/section>\t\t\t\t\t\t\t\t<\/div>\n\t\t\t\t<\/div>\n\t\t\t\t\t<\/div>\n\t\t<\/div>\n\t\t\t\t\t<\/div>\n\t\t<\/section>\n\t\t\t\t\t<\/div>\n\t\t<\/div>\n\t\t\t\t<div data-dce-background-color=\"#CDA15647\" class=\"elementor-column elementor-col-50 elementor-top-column elementor-element elementor-element-28073bfc\" data-id=\"28073bfc\" data-element_type=\"column\" data-e-type=\"column\" data-settings=\"{&quot;background_background&quot;:&quot;classic&quot;,&quot;_ob_bbad_is_stalker&quot;:&quot;no&quot;,&quot;_ob_teleporter_use&quot;:false,&quot;_ob_column_hoveranimator&quot;:&quot;no&quot;,&quot;_ob_column_has_pseudo&quot;:&quot;no&quot;}\">\n\t\t\t<div class=\"elementor-widget-wrap elementor-element-populated\">\n\t\t\t\t\t\t<div class=\"elementor-element elementor-element-7817def ob-has-background-overlay elementor-widget elementor-widget-html\" data-id=\"7817def\" data-element_type=\"widget\" data-e-type=\"widget\" data-settings=\"{&quot;_ob_perspektive_use&quot;:&quot;no&quot;,&quot;_ob_poopart_use&quot;:&quot;yes&quot;,&quot;_ob_shadough_use&quot;:&quot;no&quot;,&quot;_ob_allow_hoveranimator&quot;:&quot;no&quot;,&quot;_ob_widget_stalker_use&quot;:&quot;no&quot;}\" data-widget_type=\"html.default\">\n\t\t\t\t<div class=\"elementor-widget-container\">\n\t\t\t\t\t<iframe src=\"https:\/\/www.google.com\/maps\/d\/embed?mid=112PkTS2qXLfI-HmUFjqC3uxXKnnf8og&ehbc=2E312F\" width=\"640\" height=\"680\"><\/iframe>\t\t\t\t<\/div>\n\t\t\t\t<\/div>\n\t\t\t\t\t<\/div>\n\t\t<\/div>\n\t\t\t\t\t<\/div>\n\t\t<\/section>\n\t\t\t\t<\/div>\n\t\t","protected":false},"excerpt":{"rendered":"<p>Acc\u00e8s Acc\u00e9der l&rsquo;h\u00f4tel Henry ii Informations pratiques Votre chambre est disponible \u00e0 partir de 16h le jour de votre arriv\u00e9e jusqu\u2019\u00e0 12h le jour de votre d\u00e9part.\u00a0 Un garage privatif surveill\u00e9 et ferm\u00e9 de 27 places est \u00e0 votre disposition sur demande et selon disponibilit\u00e9 (Payant). Hauteur max 1,90m. Deux bornes de recharge rapide (payantes) [&hellip;]<\/p>\n","protected":false},"author":1,"featured_media":56,"parent":0,"menu_order":0,"comment_status":"closed","ping_status":"closed","template":"elementor_header_footer","meta":{"footnotes":""},"hf_cat_page":[],"class_list":["post-418","page","type-page","status-publish","has-post-thumbnail","hentry"],"yoast_head":"<!-- This site is optimized with the Yoast SEO plugin v27.3 - https:\/\/yoast.com\/product\/yoast-seo-wordpress\/ -->\n<title>Info &amp; Acc\u00e8s - Hotel Henry 2<\/title>\n<meta name=\"description\" content=\"L&#039;h\u00f4tel Henry II se situe \u00e0 Beaune en Bourgogne, proche du centre ville. Nous disposons d&#039;un garage surveill\u00e9 et ferm\u00e9\" \/>\n<meta name=\"robots\" content=\"index, follow, max-snippet:-1, max-image-preview:large, max-video-preview:-1\" \/>\n<link rel=\"canonical\" href=\"https:\/\/site-en-production.com\/henry2\/acces\/\" \/>\n<meta property=\"og:locale\" content=\"fr_FR\" \/>\n<meta property=\"og:type\" content=\"article\" \/>\n<meta property=\"og:title\" content=\"Info &amp; Acc\u00e8s - Hotel Henry 2\" \/>\n<meta property=\"og:description\" content=\"L&#039;h\u00f4tel Henry II se situe \u00e0 Beaune en Bourgogne, proche du centre ville. Nous disposons d&#039;un garage surveill\u00e9 et ferm\u00e9\" \/>\n<meta property=\"og:url\" content=\"https:\/\/site-en-production.com\/henry2\/acces\/\" \/>\n<meta property=\"og:site_name\" content=\"Hotel Henry 2\" \/>\n<meta property=\"article:publisher\" content=\"https:\/\/www.facebook.com\/hotelhenry2\/\" \/>\n<meta property=\"article:modified_time\" content=\"2024-05-24T14:10:48+00:00\" \/>\n<meta property=\"og:image\" content=\"https:\/\/site-en-production.com\/henry2\/wp-content\/uploads\/2023\/07\/hotel-henry-2-beaune-batisse-scaled.jpg\" \/>\n\t<meta property=\"og:image:width\" content=\"2048\" \/>\n\t<meta property=\"og:image:height\" content=\"965\" \/>\n\t<meta property=\"og:image:type\" content=\"image\/jpeg\" \/>\n<meta name=\"twitter:card\" content=\"summary_large_image\" \/>\n<meta name=\"twitter:label1\" content=\"Dur\u00e9e de lecture estim\u00e9e\" \/>\n\t<meta name=\"twitter:data1\" content=\"2 minutes\" \/>\n<script type=\"application\/ld+json\" class=\"yoast-schema-graph\">{\"@context\":\"https:\\\/\\\/schema.org\",\"@graph\":[{\"@type\":\"WebPage\",\"@id\":\"https:\\\/\\\/site-en-production.com\\\/henry2\\\/acces\\\/\",\"url\":\"https:\\\/\\\/site-en-production.com\\\/henry2\\\/acces\\\/\",\"name\":\"Info & Acc\u00e8s - Hotel Henry 2\",\"isPartOf\":{\"@id\":\"https:\\\/\\\/site-en-production.com\\\/henry2\\\/#website\"},\"primaryImageOfPage\":{\"@id\":\"https:\\\/\\\/site-en-production.com\\\/henry2\\\/acces\\\/#primaryimage\"},\"image\":{\"@id\":\"https:\\\/\\\/site-en-production.com\\\/henry2\\\/acces\\\/#primaryimage\"},\"thumbnailUrl\":\"https:\\\/\\\/site-en-production.com\\\/henry2\\\/wp-content\\\/uploads\\\/2023\\\/07\\\/hotel-henry-2-beaune-batisse-scaled.jpg\",\"datePublished\":\"2023-08-01T14:14:32+00:00\",\"dateModified\":\"2024-05-24T14:10:48+00:00\",\"description\":\"L'h\u00f4tel Henry II se situe \u00e0 Beaune en Bourgogne, proche du centre ville. Nous disposons d'un garage surveill\u00e9 et ferm\u00e9\",\"breadcrumb\":{\"@id\":\"https:\\\/\\\/site-en-production.com\\\/henry2\\\/acces\\\/#breadcrumb\"},\"inLanguage\":\"fr-FR\",\"potentialAction\":[{\"@type\":\"ReadAction\",\"target\":[\"https:\\\/\\\/site-en-production.com\\\/henry2\\\/acces\\\/\"]}]},{\"@type\":\"ImageObject\",\"inLanguage\":\"fr-FR\",\"@id\":\"https:\\\/\\\/site-en-production.com\\\/henry2\\\/acces\\\/#primaryimage\",\"url\":\"https:\\\/\\\/site-en-production.com\\\/henry2\\\/wp-content\\\/uploads\\\/2023\\\/07\\\/hotel-henry-2-beaune-batisse-scaled.jpg\",\"contentUrl\":\"https:\\\/\\\/site-en-production.com\\\/henry2\\\/wp-content\\\/uploads\\\/2023\\\/07\\\/hotel-henry-2-beaune-batisse-scaled.jpg\",\"width\":2048,\"height\":965,\"caption\":\"fa\u00e7ade de l'h\u00f4tel\"},{\"@type\":\"BreadcrumbList\",\"@id\":\"https:\\\/\\\/site-en-production.com\\\/henry2\\\/acces\\\/#breadcrumb\",\"itemListElement\":[{\"@type\":\"ListItem\",\"position\":1,\"name\":\"Accueil\",\"item\":\"https:\\\/\\\/site-en-production.com\\\/henry2\\\/\"},{\"@type\":\"ListItem\",\"position\":2,\"name\":\"Info &#038; Acc\u00e8s\"}]},{\"@type\":\"WebSite\",\"@id\":\"https:\\\/\\\/site-en-production.com\\\/henry2\\\/#website\",\"url\":\"https:\\\/\\\/site-en-production.com\\\/henry2\\\/\",\"name\":\"Hotel Henry 2\",\"description\":\"Hotel Henry 2 \u00e0 Beaune\",\"publisher\":{\"@id\":\"https:\\\/\\\/site-en-production.com\\\/henry2\\\/#organization\"},\"potentialAction\":[{\"@type\":\"SearchAction\",\"target\":{\"@type\":\"EntryPoint\",\"urlTemplate\":\"https:\\\/\\\/site-en-production.com\\\/henry2\\\/?s={search_term_string}\"},\"query-input\":{\"@type\":\"PropertyValueSpecification\",\"valueRequired\":true,\"valueName\":\"search_term_string\"}}],\"inLanguage\":\"fr-FR\"},{\"@type\":\"Organization\",\"@id\":\"https:\\\/\\\/site-en-production.com\\\/henry2\\\/#organization\",\"name\":\"Hotel Henry 2\",\"url\":\"https:\\\/\\\/site-en-production.com\\\/henry2\\\/\",\"logo\":{\"@type\":\"ImageObject\",\"inLanguage\":\"fr-FR\",\"@id\":\"https:\\\/\\\/site-en-production.com\\\/henry2\\\/#\\\/schema\\\/logo\\\/image\\\/\",\"url\":\"https:\\\/\\\/site-en-production.com\\\/henry2\\\/wp-content\\\/uploads\\\/2023\\\/07\\\/cropped-logo-1.png\",\"contentUrl\":\"https:\\\/\\\/site-en-production.com\\\/henry2\\\/wp-content\\\/uploads\\\/2023\\\/07\\\/cropped-logo-1.png\",\"width\":292,\"height\":115,\"caption\":\"Hotel Henry 2\"},\"image\":{\"@id\":\"https:\\\/\\\/site-en-production.com\\\/henry2\\\/#\\\/schema\\\/logo\\\/image\\\/\"},\"sameAs\":[\"https:\\\/\\\/www.facebook.com\\\/hotelhenry2\\\/\",\"https:\\\/\\\/www.instagram.com\\\/hotel_henry_2_beaune\\\/?igshid=YmMyMTA2M2Y\"]}]}<\/script>\n<!-- \/ Yoast SEO plugin. -->","yoast_head_json":{"title":"Info & Acc\u00e8s - Hotel Henry 2","description":"L'h\u00f4tel Henry II se situe \u00e0 Beaune en Bourgogne, proche du centre ville. Nous disposons d'un garage surveill\u00e9 et ferm\u00e9","robots":{"index":"index","follow":"follow","max-snippet":"max-snippet:-1","max-image-preview":"max-image-preview:large","max-video-preview":"max-video-preview:-1"},"canonical":"https:\/\/site-en-production.com\/henry2\/acces\/","og_locale":"fr_FR","og_type":"article","og_title":"Info & Acc\u00e8s - Hotel Henry 2","og_description":"L'h\u00f4tel Henry II se situe \u00e0 Beaune en Bourgogne, proche du centre ville. Nous disposons d'un garage surveill\u00e9 et ferm\u00e9","og_url":"https:\/\/site-en-production.com\/henry2\/acces\/","og_site_name":"Hotel Henry 2","article_publisher":"https:\/\/www.facebook.com\/hotelhenry2\/","article_modified_time":"2024-05-24T14:10:48+00:00","og_image":[{"width":2048,"height":965,"url":"https:\/\/site-en-production.com\/henry2\/wp-content\/uploads\/2023\/07\/hotel-henry-2-beaune-batisse-scaled.jpg","type":"image\/jpeg"}],"twitter_card":"summary_large_image","twitter_misc":{"Dur\u00e9e de lecture estim\u00e9e":"2 minutes"},"schema":{"@context":"https:\/\/schema.org","@graph":[{"@type":"WebPage","@id":"https:\/\/site-en-production.com\/henry2\/acces\/","url":"https:\/\/site-en-production.com\/henry2\/acces\/","name":"Info & Acc\u00e8s - Hotel Henry 2","isPartOf":{"@id":"https:\/\/site-en-production.com\/henry2\/#website"},"primaryImageOfPage":{"@id":"https:\/\/site-en-production.com\/henry2\/acces\/#primaryimage"},"image":{"@id":"https:\/\/site-en-production.com\/henry2\/acces\/#primaryimage"},"thumbnailUrl":"https:\/\/site-en-production.com\/henry2\/wp-content\/uploads\/2023\/07\/hotel-henry-2-beaune-batisse-scaled.jpg","datePublished":"2023-08-01T14:14:32+00:00","dateModified":"2024-05-24T14:10:48+00:00","description":"L'h\u00f4tel Henry II se situe \u00e0 Beaune en Bourgogne, proche du centre ville. Nous disposons d'un garage surveill\u00e9 et ferm\u00e9","breadcrumb":{"@id":"https:\/\/site-en-production.com\/henry2\/acces\/#breadcrumb"},"inLanguage":"fr-FR","potentialAction":[{"@type":"ReadAction","target":["https:\/\/site-en-production.com\/henry2\/acces\/"]}]},{"@type":"ImageObject","inLanguage":"fr-FR","@id":"https:\/\/site-en-production.com\/henry2\/acces\/#primaryimage","url":"https:\/\/site-en-production.com\/henry2\/wp-content\/uploads\/2023\/07\/hotel-henry-2-beaune-batisse-scaled.jpg","contentUrl":"https:\/\/site-en-production.com\/henry2\/wp-content\/uploads\/2023\/07\/hotel-henry-2-beaune-batisse-scaled.jpg","width":2048,"height":965,"caption":"fa\u00e7ade de l'h\u00f4tel"},{"@type":"BreadcrumbList","@id":"https:\/\/site-en-production.com\/henry2\/acces\/#breadcrumb","itemListElement":[{"@type":"ListItem","position":1,"name":"Accueil","item":"https:\/\/site-en-production.com\/henry2\/"},{"@type":"ListItem","position":2,"name":"Info &#038; Acc\u00e8s"}]},{"@type":"WebSite","@id":"https:\/\/site-en-production.com\/henry2\/#website","url":"https:\/\/site-en-production.com\/henry2\/","name":"Hotel Henry 2","description":"Hotel Henry 2 \u00e0 Beaune","publisher":{"@id":"https:\/\/site-en-production.com\/henry2\/#organization"},"potentialAction":[{"@type":"SearchAction","target":{"@type":"EntryPoint","urlTemplate":"https:\/\/site-en-production.com\/henry2\/?s={search_term_string}"},"query-input":{"@type":"PropertyValueSpecification","valueRequired":true,"valueName":"search_term_string"}}],"inLanguage":"fr-FR"},{"@type":"Organization","@id":"https:\/\/site-en-production.com\/henry2\/#organization","name":"Hotel Henry 2","url":"https:\/\/site-en-production.com\/henry2\/","logo":{"@type":"ImageObject","inLanguage":"fr-FR","@id":"https:\/\/site-en-production.com\/henry2\/#\/schema\/logo\/image\/","url":"https:\/\/site-en-production.com\/henry2\/wp-content\/uploads\/2023\/07\/cropped-logo-1.png","contentUrl":"https:\/\/site-en-production.com\/henry2\/wp-content\/uploads\/2023\/07\/cropped-logo-1.png","width":292,"height":115,"caption":"Hotel Henry 2"},"image":{"@id":"https:\/\/site-en-production.com\/henry2\/#\/schema\/logo\/image\/"},"sameAs":["https:\/\/www.facebook.com\/hotelhenry2\/","https:\/\/www.instagram.com\/hotel_henry_2_beaune\/?igshid=YmMyMTA2M2Y"]}]}},"_links":{"self":[{"href":"https:\/\/site-en-production.com\/henry2\/wp-json\/wp\/v2\/pages\/418","targetHints":{"allow":["GET"]}}],"collection":[{"href":"https:\/\/site-en-production.com\/henry2\/wp-json\/wp\/v2\/pages"}],"about":[{"href":"https:\/\/site-en-production.com\/henry2\/wp-json\/wp\/v2\/types\/page"}],"author":[{"embeddable":true,"href":"https:\/\/site-en-production.com\/henry2\/wp-json\/wp\/v2\/users\/1"}],"replies":[{"embeddable":true,"href":"https:\/\/site-en-production.com\/henry2\/wp-json\/wp\/v2\/comments?post=418"}],"version-history":[{"count":48,"href":"https:\/\/site-en-production.com\/henry2\/wp-json\/wp\/v2\/pages\/418\/revisions"}],"predecessor-version":[{"id":1159,"href":"https:\/\/site-en-production.com\/henry2\/wp-json\/wp\/v2\/pages\/418\/revisions\/1159"}],"wp:featuredmedia":[{"embeddable":true,"href":"https:\/\/site-en-production.com\/henry2\/wp-json\/wp\/v2\/media\/56"}],"wp:attachment":[{"href":"https:\/\/site-en-production.com\/henry2\/wp-json\/wp\/v2\/media?parent=418"}],"wp:term":[{"taxonomy":"hf_cat_page","embeddable":true,"href":"https:\/\/site-en-production.com\/henry2\/wp-json\/wp\/v2\/hf_cat_page?post=418"}],"curies":[{"name":"wp","href":"https:\/\/api.w.org\/{rel}","templated":true}]}}