{"id":614,"date":"2023-08-02T14:08:57","date_gmt":"2023-08-02T14:08:57","guid":{"rendered":"https:\/\/henry2.fr\/?page_id=614"},"modified":"2024-05-20T19:22:14","modified_gmt":"2024-05-20T17:22:14","slug":"conditions-de-vente","status":"publish","type":"page","link":"https:\/\/site-en-production.com\/henry2\/conditions-de-vente\/","title":{"rendered":"Conditions de vente"},"content":{"rendered":"\t\t<div data-elementor-type=\"wp-page\" data-elementor-id=\"614\" class=\"elementor elementor-614\" data-elementor-settings=\"{&quot;enable_dceScrolling&quot;:&quot;yes&quot;,&quot;scroll_id_page&quot;:614}\" data-elementor-post-type=\"page\">\n\t\t\t\t\t\t<section class=\"ob-is-breaking-bad elementor-section elementor-top-section elementor-element elementor-element-6a75d436 elementor-section-full_width elementor-section-height-min-height elementor-section-height-default elementor-section-items-middle\" data-dce-background-overlay-color=\"#3A3030AB\" data-dce-background-image-url=\"https:\/\/site-en-production.com\/henry2\/wp-content\/uploads\/2023\/07\/hotel-henry-2-beaune-reception-2.jpg\" data-id=\"6a75d436\" data-element_type=\"section\" data-e-type=\"section\" data-settings=\"{&quot;background_background&quot;:&quot;classic&quot;,&quot;_ob_bbad_use_it&quot;:&quot;yes&quot;,&quot;_ob_bbad_sssic_use&quot;:&quot;no&quot;,&quot;_ob_glider_is_slider&quot;:&quot;no&quot;}\">\n\t\t\t\t\t\t\t<div class=\"elementor-background-overlay\"><\/div>\n\t\t\t\t\t\t\t<div class=\"elementor-container elementor-column-gap-default\">\n\t\t\t\t\t<div class=\"elementor-column elementor-col-100 elementor-top-column elementor-element elementor-element-3dd40de5\" data-id=\"3dd40de5\" data-element_type=\"column\" data-e-type=\"column\" data-settings=\"{&quot;_ob_bbad_is_stalker&quot;:&quot;no&quot;,&quot;_ob_teleporter_use&quot;:false,&quot;_ob_column_hoveranimator&quot;:&quot;no&quot;,&quot;_ob_column_has_pseudo&quot;:&quot;no&quot;}\">\n\t\t\t<div class=\"elementor-widget-wrap elementor-element-populated\">\n\t\t\t\t\t\t<section class=\"ob-is-breaking-bad ob-bb-inner elementor-section elementor-inner-section elementor-element elementor-element-3c5ccbb1 elementor-section-content-middle elementor-section-boxed elementor-section-height-default elementor-section-height-default\" data-id=\"3c5ccbb1\" data-element_type=\"section\" data-e-type=\"section\" data-settings=\"{&quot;background_background&quot;:&quot;classic&quot;,&quot;_ob_bbad_use_it&quot;:&quot;yes&quot;,&quot;_ob_bbad_sssic_use&quot;:&quot;no&quot;,&quot;_ob_glider_is_slider&quot;:&quot;no&quot;}\">\n\t\t\t\t\t\t<div class=\"elementor-container elementor-column-gap-default\">\n\t\t\t\t\t<div class=\"elementor-column elementor-col-100 elementor-inner-column elementor-element elementor-element-2d8ad0e9\" data-id=\"2d8ad0e9\" data-element_type=\"column\" data-e-type=\"column\" data-settings=\"{&quot;_ob_bbad_is_stalker&quot;:&quot;no&quot;,&quot;_ob_teleporter_use&quot;:false,&quot;_ob_column_hoveranimator&quot;:&quot;no&quot;,&quot;_ob_column_has_pseudo&quot;:&quot;no&quot;}\">\n\t\t\t<div class=\"elementor-widget-wrap elementor-element-populated\">\n\t\t\t\t\t\t<div data-dce-title-color=\"#FFFFFF\" class=\"elementor-element elementor-element-6978e587 ob-harakiri-inherit ob-has-background-overlay elementor-widget elementor-widget-heading\" data-id=\"6978e587\" data-element_type=\"widget\" data-e-type=\"widget\" data-settings=\"{&quot;_ob_use_harakiri&quot;:&quot;yes&quot;,&quot;_ob_harakiri_writing_mode&quot;:&quot;inherit&quot;,&quot;_ob_harakiri_text_clip&quot;:&quot;none&quot;,&quot;_ob_perspektive_use&quot;:&quot;no&quot;,&quot;_ob_poopart_use&quot;:&quot;yes&quot;,&quot;_ob_shadough_use&quot;:&quot;no&quot;,&quot;_ob_allow_hoveranimator&quot;:&quot;no&quot;,&quot;_ob_widget_stalker_use&quot;:&quot;no&quot;}\" data-widget_type=\"heading.default\">\n\t\t\t\t<div class=\"elementor-widget-container\">\n\t\t\t\t\t<h1 class=\"elementor-heading-title elementor-size-default\">Conditions de vente<\/h1>\t\t\t\t<\/div>\n\t\t\t\t<\/div>\n\t\t\t\t\t<\/div>\n\t\t<\/div>\n\t\t\t\t\t<\/div>\n\t\t<\/section>\n\t\t\t\t\t<\/div>\n\t\t<\/div>\n\t\t\t\t\t<\/div>\n\t\t<\/section>\n\t\t\t\t<section class=\"ob-is-breaking-bad elementor-section elementor-top-section elementor-element elementor-element-2bca9f12 elementor-section-boxed elementor-section-height-default elementor-section-height-default\" data-id=\"2bca9f12\" data-element_type=\"section\" data-e-type=\"section\" data-settings=\"{&quot;_ob_bbad_use_it&quot;:&quot;yes&quot;,&quot;_ob_bbad_sssic_use&quot;:&quot;no&quot;,&quot;_ob_glider_is_slider&quot;:&quot;no&quot;}\">\n\t\t\t\t\t\t<div class=\"elementor-container elementor-column-gap-default\">\n\t\t\t\t\t<div class=\"elementor-column elementor-col-100 elementor-top-column elementor-element elementor-element-3ffeb2e1\" data-id=\"3ffeb2e1\" data-element_type=\"column\" data-e-type=\"column\" data-settings=\"{&quot;_ob_bbad_is_stalker&quot;:&quot;no&quot;,&quot;_ob_teleporter_use&quot;:false,&quot;_ob_column_hoveranimator&quot;:&quot;no&quot;,&quot;_ob_column_has_pseudo&quot;:&quot;no&quot;}\">\n\t\t\t<div class=\"elementor-widget-wrap elementor-element-populated\">\n\t\t\t\t\t\t<div data-dce-title-color=\"#652929\" class=\"elementor-element elementor-element-429c9243 ob-harakiri-inherit ob-has-background-overlay elementor-widget elementor-widget-heading\" data-id=\"429c9243\" data-element_type=\"widget\" data-e-type=\"widget\" data-settings=\"{&quot;_ob_use_harakiri&quot;:&quot;yes&quot;,&quot;_ob_harakiri_writing_mode&quot;:&quot;inherit&quot;,&quot;_ob_harakiri_text_clip&quot;:&quot;none&quot;,&quot;_ob_perspektive_use&quot;:&quot;no&quot;,&quot;_ob_poopart_use&quot;:&quot;yes&quot;,&quot;_ob_shadough_use&quot;:&quot;no&quot;,&quot;_ob_allow_hoveranimator&quot;:&quot;no&quot;,&quot;_ob_widget_stalker_use&quot;:&quot;no&quot;}\" data-widget_type=\"heading.default\">\n\t\t\t\t<div class=\"elementor-widget-container\">\n\t\t\t\t\t<h2 class=\"elementor-heading-title elementor-size-default\">Nos conditions de vente<\/h2>\t\t\t\t<\/div>\n\t\t\t\t<\/div>\n\t\t\t\t<div class=\"elementor-element elementor-element-6ffa055e elementor-widget-divider--view-line ob-has-background-overlay elementor-widget elementor-widget-divider\" data-id=\"6ffa055e\" data-element_type=\"widget\" data-e-type=\"widget\" data-settings=\"{&quot;_ob_perspektive_use&quot;:&quot;no&quot;,&quot;_ob_poopart_use&quot;:&quot;yes&quot;,&quot;_ob_shadough_use&quot;:&quot;no&quot;,&quot;_ob_allow_hoveranimator&quot;:&quot;no&quot;,&quot;_ob_widget_stalker_use&quot;:&quot;no&quot;}\" data-widget_type=\"divider.default\">\n\t\t\t\t<div class=\"elementor-widget-container\">\n\t\t\t\t\t\t\t<div class=\"elementor-divider\">\n\t\t\t<span class=\"elementor-divider-separator\">\n\t\t\t\t\t\t<\/span>\n\t\t<\/div>\n\t\t\t\t\t\t<\/div>\n\t\t\t\t<\/div>\n\t\t\t\t\t<\/div>\n\t\t<\/div>\n\t\t\t\t\t<\/div>\n\t\t<\/section>\n\t\t\t\t<section class=\"ob-is-breaking-bad elementor-section elementor-top-section elementor-element elementor-element-16c1f34f elementor-section-full_width elementor-section-height-default elementor-section-height-default elementor-invisible\" data-id=\"16c1f34f\" data-element_type=\"section\" data-e-type=\"section\" data-settings=\"{&quot;background_background&quot;:&quot;classic&quot;,&quot;animation&quot;:&quot;fadeInLeft&quot;,&quot;_ob_bbad_use_it&quot;:&quot;yes&quot;,&quot;_ob_bbad_sssic_use&quot;:&quot;no&quot;,&quot;_ob_glider_is_slider&quot;:&quot;no&quot;}\">\n\t\t\t\t\t\t\t<div class=\"elementor-background-overlay\"><\/div>\n\t\t\t\t\t\t\t<div class=\"elementor-container elementor-column-gap-no\">\n\t\t\t\t\t<div class=\"elementor-column elementor-col-100 elementor-top-column elementor-element elementor-element-56db286f\" data-id=\"56db286f\" data-element_type=\"column\" data-e-type=\"column\" data-settings=\"{&quot;background_background&quot;:&quot;classic&quot;,&quot;_ob_bbad_is_stalker&quot;:&quot;no&quot;,&quot;_ob_teleporter_use&quot;:false,&quot;_ob_column_hoveranimator&quot;:&quot;no&quot;,&quot;_ob_column_has_pseudo&quot;:&quot;no&quot;}\">\n\t\t\t<div class=\"elementor-widget-wrap elementor-element-populated\">\n\t\t\t\t\t<div class=\"elementor-background-overlay\"><\/div>\n\t\t\t\t\t\t<div class=\"elementor-element elementor-element-31fb882 ob-harakiri-inherit ob-has-background-overlay elementor-widget elementor-widget-text-editor\" data-id=\"31fb882\" data-element_type=\"widget\" data-e-type=\"widget\" data-settings=\"{&quot;_ob_use_harakiri&quot;:&quot;yes&quot;,&quot;_ob_harakiri_writing_mode&quot;:&quot;inherit&quot;,&quot;_ob_postman_use&quot;:&quot;no&quot;,&quot;_ob_perspektive_use&quot;:&quot;no&quot;,&quot;_ob_poopart_use&quot;:&quot;yes&quot;,&quot;_ob_shadough_use&quot;:&quot;no&quot;,&quot;_ob_allow_hoveranimator&quot;:&quot;no&quot;,&quot;_ob_widget_stalker_use&quot;:&quot;no&quot;}\" data-widget_type=\"text-editor.default\">\n\t\t\t\t<div class=\"elementor-widget-container\">\n\t\t\t\t\t\t\t\t\t<div class=\"elementor-widget-wrap\"><div class=\"elementor-element elementor-element-cb4721f ob-harakiri-inherit ob-has-background-overlay elementor-widget elementor-widget-text-editor ob-harakiri\" data-id=\"cb4721f\" data-element_type=\"widget\" data-settings=\"{&quot;_ob_use_harakiri&quot;:&quot;yes&quot;,&quot;_ob_harakiri_writing_mode&quot;:&quot;inherit&quot;,&quot;_ob_postman_use&quot;:&quot;no&quot;,&quot;_ob_perspektive_use&quot;:&quot;no&quot;,&quot;_ob_poopart_use&quot;:&quot;yes&quot;,&quot;_ob_shadough_use&quot;:&quot;no&quot;,&quot;_ob_allow_hoveranimator&quot;:&quot;no&quot;,&quot;_ob_widget_stalker_use&quot;:&quot;no&quot;}\" data-widget_type=\"text-editor.default\"><div class=\"elementor-widget-container\"><div class=\"elementor-text-editor elementor-clearfix\"><p><b><u>Condition de Vente des r\u00e9servations individuelles :<\/u><\/b><br \/>Les r\u00e9servations sont annulables sans frais jusqu&rsquo;\u00e0 16 heures le jour de l&rsquo;arriv\u00e9e. Une carte bancaire est obligatoire pour la confirmation des r\u00e9servations.<\/p><p><b>Annulation<\/b><br \/>Si l\u2019annulation survient apr\u00e8s 16 heures le jour de l&rsquo;arriv\u00e9e 100% du montant total du s\u00e9jour sera factur\u00e9.<\/p><p><b>S\u00e9jour \u00e9court\u00e9<\/b><br \/>Pour toute interruption de s\u00e9jour, la totalit\u00e9 du s\u00e9jour r\u00e9serv\u00e9 sera factur\u00e9e.<br \/>En cas de non pr\u00e9sentation le jour de l\u2019arriv\u00e9e, 100% du montant total du s\u00e9jour sera conserv\u00e9.<\/p><p><b>Heure d\u2019arriv\u00e9e<\/b><br \/>Le jour d\u2019arriv\u00e9e, la chambre sera disponible \u00e0 partir de 16h.\u00a0<br \/>Merci de nous pr\u00e9venir en cas d\u2019arriv\u00e9e tardive.<\/p><p><b>D\u00e9part<\/b><br \/>Toutes nos chambres doivent \u00eatre lib\u00e9r\u00e9es au plus tard \u00e0 12h.<\/p><p>Le droit de r\u00e9tractation ne s\u2019applique pas pour les h\u00e9bergements pr\u00e9vu \u00e0 l\u2019article L.221-28 12\u00b0 du Code de la Consommation d\u00e9crit dans l\u2019Article L. 221-28 du Code de la Consommation.<\/p><p>En cas de litige non r\u00e9solu, apr\u00e8s avoir saisi le service client de notre \u00e9tablissement, et \u00e0 d\u00e9faut de r\u00e9ponse satisfaisante dans un d\u00e9lai de 1 mois, le client peut saisir le M\u00e9diateur du Tourisme et du Voyage, dont les coordonn\u00e9es et modalit\u00e9s de saisine sont disponibles sur son site www.mtv.travel.<\/p><\/div><\/div><\/div><\/div>\t\t\t\t\t\t\t\t<\/div>\n\t\t\t\t<\/div>\n\t\t\t\t\t<\/div>\n\t\t<\/div>\n\t\t\t\t\t<\/div>\n\t\t<\/section>\n\t\t\t\t<section class=\"ob-is-breaking-bad elementor-section elementor-top-section elementor-element elementor-element-8a7cade elementor-section-boxed elementor-section-height-default elementor-section-height-default\" data-id=\"8a7cade\" data-element_type=\"section\" data-e-type=\"section\" data-settings=\"{&quot;_ob_bbad_use_it&quot;:&quot;yes&quot;,&quot;_ob_bbad_sssic_use&quot;:&quot;no&quot;,&quot;_ob_glider_is_slider&quot;:&quot;no&quot;}\">\n\t\t\t\t\t\t<div class=\"elementor-container elementor-column-gap-default\">\n\t\t\t\t\t<div class=\"elementor-column elementor-col-100 elementor-top-column elementor-element elementor-element-ec27f2a\" data-id=\"ec27f2a\" data-element_type=\"column\" data-e-type=\"column\" data-settings=\"{&quot;_ob_bbad_is_stalker&quot;:&quot;no&quot;,&quot;_ob_teleporter_use&quot;:false,&quot;_ob_column_hoveranimator&quot;:&quot;no&quot;,&quot;_ob_column_has_pseudo&quot;:&quot;no&quot;}\">\n\t\t\t<div class=\"elementor-widget-wrap elementor-element-populated\">\n\t\t\t\t\t\t<div class=\"elementor-element elementor-element-cea7c21 ob-has-background-overlay elementor-widget elementor-widget-spacer\" data-id=\"cea7c21\" data-element_type=\"widget\" data-e-type=\"widget\" data-settings=\"{&quot;_ob_spacerat_use&quot;:&quot;no&quot;,&quot;_ob_perspektive_use&quot;:&quot;no&quot;,&quot;_ob_poopart_use&quot;:&quot;yes&quot;,&quot;_ob_shadough_use&quot;:&quot;no&quot;,&quot;_ob_allow_hoveranimator&quot;:&quot;no&quot;,&quot;_ob_widget_stalker_use&quot;:&quot;no&quot;}\" data-widget_type=\"spacer.default\">\n\t\t\t\t<div class=\"elementor-widget-container\">\n\t\t\t\t\t\t\t<div class=\"elementor-spacer\">\n\t\t\t<div class=\"elementor-spacer-inner\"><\/div>\n\t\t<\/div>\n\t\t\t\t\t\t<\/div>\n\t\t\t\t<\/div>\n\t\t\t\t\t<\/div>\n\t\t<\/div>\n\t\t\t\t\t<\/div>\n\t\t<\/section>\n\t\t\t\t<\/div>\n\t\t","protected":false},"excerpt":{"rendered":"<p>Conditions de vente Nos conditions de vente Condition de Vente des r\u00e9servations individuelles :Les r\u00e9servations sont annulables sans frais jusqu&rsquo;\u00e0 16 heures le jour de l&rsquo;arriv\u00e9e. Une carte bancaire est obligatoire pour la confirmation des r\u00e9servations. AnnulationSi l\u2019annulation survient apr\u00e8s 16 heures le jour de l&rsquo;arriv\u00e9e 100% du montant total du s\u00e9jour sera factur\u00e9. S\u00e9jour [&hellip;]<\/p>\n","protected":false},"author":1,"featured_media":0,"parent":0,"menu_order":0,"comment_status":"closed","ping_status":"closed","template":"elementor_header_footer","meta":{"footnotes":""},"hf_cat_page":[],"class_list":["post-614","page","type-page","status-publish","hentry"],"yoast_head":"<!-- This site is optimized with the Yoast SEO plugin v27.3 - https:\/\/yoast.com\/product\/yoast-seo-wordpress\/ -->\n<title>Conditions de vente - Hotel Henry 2<\/title>\n<meta name=\"robots\" content=\"index, follow, max-snippet:-1, max-image-preview:large, max-video-preview:-1\" \/>\n<link rel=\"canonical\" href=\"https:\/\/site-en-production.com\/henry2\/conditions-de-vente\/\" \/>\n<meta property=\"og:locale\" content=\"fr_FR\" \/>\n<meta property=\"og:type\" content=\"article\" \/>\n<meta property=\"og:title\" content=\"Conditions de vente - Hotel Henry 2\" \/>\n<meta property=\"og:description\" content=\"Conditions de vente Nos conditions de vente Condition de Vente des r\u00e9servations individuelles :Les r\u00e9servations sont annulables sans frais jusqu&rsquo;\u00e0 16 heures le jour de l&rsquo;arriv\u00e9e. Une carte bancaire est obligatoire pour la confirmation des r\u00e9servations. AnnulationSi l\u2019annulation survient apr\u00e8s 16 heures le jour de l&rsquo;arriv\u00e9e 100% du montant total du s\u00e9jour sera factur\u00e9. S\u00e9jour [&hellip;]\" \/>\n<meta property=\"og:url\" content=\"https:\/\/site-en-production.com\/henry2\/conditions-de-vente\/\" \/>\n<meta property=\"og:site_name\" content=\"Hotel Henry 2\" \/>\n<meta property=\"article:publisher\" content=\"https:\/\/www.facebook.com\/hotelhenry2\/\" \/>\n<meta property=\"article:modified_time\" content=\"2024-05-20T17:22:14+00:00\" \/>\n<meta name=\"twitter:card\" content=\"summary_large_image\" \/>\n<meta name=\"twitter:label1\" content=\"Dur\u00e9e de lecture estim\u00e9e\" \/>\n\t<meta name=\"twitter:data1\" content=\"3 minutes\" \/>\n<script type=\"application\/ld+json\" class=\"yoast-schema-graph\">{\"@context\":\"https:\\\/\\\/schema.org\",\"@graph\":[{\"@type\":\"WebPage\",\"@id\":\"https:\\\/\\\/site-en-production.com\\\/henry2\\\/conditions-de-vente\\\/\",\"url\":\"https:\\\/\\\/site-en-production.com\\\/henry2\\\/conditions-de-vente\\\/\",\"name\":\"Conditions de vente - Hotel Henry 2\",\"isPartOf\":{\"@id\":\"https:\\\/\\\/site-en-production.com\\\/henry2\\\/#website\"},\"datePublished\":\"2023-08-02T14:08:57+00:00\",\"dateModified\":\"2024-05-20T17:22:14+00:00\",\"breadcrumb\":{\"@id\":\"https:\\\/\\\/site-en-production.com\\\/henry2\\\/conditions-de-vente\\\/#breadcrumb\"},\"inLanguage\":\"fr-FR\",\"potentialAction\":[{\"@type\":\"ReadAction\",\"target\":[\"https:\\\/\\\/site-en-production.com\\\/henry2\\\/conditions-de-vente\\\/\"]}]},{\"@type\":\"BreadcrumbList\",\"@id\":\"https:\\\/\\\/site-en-production.com\\\/henry2\\\/conditions-de-vente\\\/#breadcrumb\",\"itemListElement\":[{\"@type\":\"ListItem\",\"position\":1,\"name\":\"Accueil\",\"item\":\"https:\\\/\\\/site-en-production.com\\\/henry2\\\/\"},{\"@type\":\"ListItem\",\"position\":2,\"name\":\"Conditions de vente\"}]},{\"@type\":\"WebSite\",\"@id\":\"https:\\\/\\\/site-en-production.com\\\/henry2\\\/#website\",\"url\":\"https:\\\/\\\/site-en-production.com\\\/henry2\\\/\",\"name\":\"Hotel Henry 2\",\"description\":\"Hotel Henry 2 \u00e0 Beaune\",\"publisher\":{\"@id\":\"https:\\\/\\\/site-en-production.com\\\/henry2\\\/#organization\"},\"potentialAction\":[{\"@type\":\"SearchAction\",\"target\":{\"@type\":\"EntryPoint\",\"urlTemplate\":\"https:\\\/\\\/site-en-production.com\\\/henry2\\\/?s={search_term_string}\"},\"query-input\":{\"@type\":\"PropertyValueSpecification\",\"valueRequired\":true,\"valueName\":\"search_term_string\"}}],\"inLanguage\":\"fr-FR\"},{\"@type\":\"Organization\",\"@id\":\"https:\\\/\\\/site-en-production.com\\\/henry2\\\/#organization\",\"name\":\"Hotel Henry 2\",\"url\":\"https:\\\/\\\/site-en-production.com\\\/henry2\\\/\",\"logo\":{\"@type\":\"ImageObject\",\"inLanguage\":\"fr-FR\",\"@id\":\"https:\\\/\\\/site-en-production.com\\\/henry2\\\/#\\\/schema\\\/logo\\\/image\\\/\",\"url\":\"https:\\\/\\\/site-en-production.com\\\/henry2\\\/wp-content\\\/uploads\\\/2023\\\/07\\\/cropped-logo-1.png\",\"contentUrl\":\"https:\\\/\\\/site-en-production.com\\\/henry2\\\/wp-content\\\/uploads\\\/2023\\\/07\\\/cropped-logo-1.png\",\"width\":292,\"height\":115,\"caption\":\"Hotel Henry 2\"},\"image\":{\"@id\":\"https:\\\/\\\/site-en-production.com\\\/henry2\\\/#\\\/schema\\\/logo\\\/image\\\/\"},\"sameAs\":[\"https:\\\/\\\/www.facebook.com\\\/hotelhenry2\\\/\",\"https:\\\/\\\/www.instagram.com\\\/hotel_henry_2_beaune\\\/?igshid=YmMyMTA2M2Y\"]}]}<\/script>\n<!-- \/ Yoast SEO plugin. -->","yoast_head_json":{"title":"Conditions de vente - Hotel Henry 2","robots":{"index":"index","follow":"follow","max-snippet":"max-snippet:-1","max-image-preview":"max-image-preview:large","max-video-preview":"max-video-preview:-1"},"canonical":"https:\/\/site-en-production.com\/henry2\/conditions-de-vente\/","og_locale":"fr_FR","og_type":"article","og_title":"Conditions de vente - Hotel Henry 2","og_description":"Conditions de vente Nos conditions de vente Condition de Vente des r\u00e9servations individuelles :Les r\u00e9servations sont annulables sans frais jusqu&rsquo;\u00e0 16 heures le jour de l&rsquo;arriv\u00e9e. Une carte bancaire est obligatoire pour la confirmation des r\u00e9servations. AnnulationSi l\u2019annulation survient apr\u00e8s 16 heures le jour de l&rsquo;arriv\u00e9e 100% du montant total du s\u00e9jour sera factur\u00e9. S\u00e9jour [&hellip;]","og_url":"https:\/\/site-en-production.com\/henry2\/conditions-de-vente\/","og_site_name":"Hotel Henry 2","article_publisher":"https:\/\/www.facebook.com\/hotelhenry2\/","article_modified_time":"2024-05-20T17:22:14+00:00","twitter_card":"summary_large_image","twitter_misc":{"Dur\u00e9e de lecture estim\u00e9e":"3 minutes"},"schema":{"@context":"https:\/\/schema.org","@graph":[{"@type":"WebPage","@id":"https:\/\/site-en-production.com\/henry2\/conditions-de-vente\/","url":"https:\/\/site-en-production.com\/henry2\/conditions-de-vente\/","name":"Conditions de vente - Hotel Henry 2","isPartOf":{"@id":"https:\/\/site-en-production.com\/henry2\/#website"},"datePublished":"2023-08-02T14:08:57+00:00","dateModified":"2024-05-20T17:22:14+00:00","breadcrumb":{"@id":"https:\/\/site-en-production.com\/henry2\/conditions-de-vente\/#breadcrumb"},"inLanguage":"fr-FR","potentialAction":[{"@type":"ReadAction","target":["https:\/\/site-en-production.com\/henry2\/conditions-de-vente\/"]}]},{"@type":"BreadcrumbList","@id":"https:\/\/site-en-production.com\/henry2\/conditions-de-vente\/#breadcrumb","itemListElement":[{"@type":"ListItem","position":1,"name":"Accueil","item":"https:\/\/site-en-production.com\/henry2\/"},{"@type":"ListItem","position":2,"name":"Conditions de vente"}]},{"@type":"WebSite","@id":"https:\/\/site-en-production.com\/henry2\/#website","url":"https:\/\/site-en-production.com\/henry2\/","name":"Hotel Henry 2","description":"Hotel Henry 2 \u00e0 Beaune","publisher":{"@id":"https:\/\/site-en-production.com\/henry2\/#organization"},"potentialAction":[{"@type":"SearchAction","target":{"@type":"EntryPoint","urlTemplate":"https:\/\/site-en-production.com\/henry2\/?s={search_term_string}"},"query-input":{"@type":"PropertyValueSpecification","valueRequired":true,"valueName":"search_term_string"}}],"inLanguage":"fr-FR"},{"@type":"Organization","@id":"https:\/\/site-en-production.com\/henry2\/#organization","name":"Hotel Henry 2","url":"https:\/\/site-en-production.com\/henry2\/","logo":{"@type":"ImageObject","inLanguage":"fr-FR","@id":"https:\/\/site-en-production.com\/henry2\/#\/schema\/logo\/image\/","url":"https:\/\/site-en-production.com\/henry2\/wp-content\/uploads\/2023\/07\/cropped-logo-1.png","contentUrl":"https:\/\/site-en-production.com\/henry2\/wp-content\/uploads\/2023\/07\/cropped-logo-1.png","width":292,"height":115,"caption":"Hotel Henry 2"},"image":{"@id":"https:\/\/site-en-production.com\/henry2\/#\/schema\/logo\/image\/"},"sameAs":["https:\/\/www.facebook.com\/hotelhenry2\/","https:\/\/www.instagram.com\/hotel_henry_2_beaune\/?igshid=YmMyMTA2M2Y"]}]}},"_links":{"self":[{"href":"https:\/\/site-en-production.com\/henry2\/wp-json\/wp\/v2\/pages\/614","targetHints":{"allow":["GET"]}}],"collection":[{"href":"https:\/\/site-en-production.com\/henry2\/wp-json\/wp\/v2\/pages"}],"about":[{"href":"https:\/\/site-en-production.com\/henry2\/wp-json\/wp\/v2\/types\/page"}],"author":[{"embeddable":true,"href":"https:\/\/site-en-production.com\/henry2\/wp-json\/wp\/v2\/users\/1"}],"replies":[{"embeddable":true,"href":"https:\/\/site-en-production.com\/henry2\/wp-json\/wp\/v2\/comments?post=614"}],"version-history":[{"count":19,"href":"https:\/\/site-en-production.com\/henry2\/wp-json\/wp\/v2\/pages\/614\/revisions"}],"predecessor-version":[{"id":1044,"href":"https:\/\/site-en-production.com\/henry2\/wp-json\/wp\/v2\/pages\/614\/revisions\/1044"}],"wp:attachment":[{"href":"https:\/\/site-en-production.com\/henry2\/wp-json\/wp\/v2\/media?parent=614"}],"wp:term":[{"taxonomy":"hf_cat_page","embeddable":true,"href":"https:\/\/site-en-production.com\/henry2\/wp-json\/wp\/v2\/hf_cat_page?post=614"}],"curies":[{"name":"wp","href":"https:\/\/api.w.org\/{rel}","templated":true}]}}