{"id":317,"date":"2024-03-21T08:06:50","date_gmt":"2024-03-21T08:06:50","guid":{"rendered":"https:\/\/hotellegrandchenesologne.com\/?page_id=317"},"modified":"2024-03-22T09:39:26","modified_gmt":"2024-03-22T09:39:26","slug":"conditions-de-vente","status":"publish","type":"page","link":"https:\/\/site-en-production.com\/hotellegrandchenesologne\/conditions-de-vente\/","title":{"rendered":"Conditions de vente"},"content":{"rendered":"\t\t<div data-elementor-type=\"wp-page\" data-elementor-id=\"317\" class=\"elementor elementor-317\" data-elementor-post-type=\"page\">\n\t\t\t\t\t\t<section class=\"ob-is-breaking-bad elementor-section elementor-top-section elementor-element elementor-element-7684f809 elementor-section-full_width elementor-section-height-min-height elementor-section-height-default elementor-section-items-middle\" data-id=\"7684f809\" data-element_type=\"section\" data-e-type=\"section\" data-settings=\"{&quot;background_background&quot;:&quot;classic&quot;,&quot;_ob_bbad_use_it&quot;:&quot;yes&quot;,&quot;_ob_bbad_sssic_use&quot;:&quot;no&quot;,&quot;_ob_glider_is_slider&quot;:&quot;no&quot;}\">\n\t\t\t\t\t\t\t<div class=\"elementor-background-overlay\"><\/div>\n\t\t\t\t\t\t\t<div class=\"elementor-container elementor-column-gap-default\">\n\t\t\t\t\t<div class=\"elementor-column elementor-col-100 elementor-top-column elementor-element elementor-element-431bd64b\" data-id=\"431bd64b\" data-element_type=\"column\" data-e-type=\"column\" data-settings=\"{&quot;_ob_bbad_is_stalker&quot;:&quot;no&quot;,&quot;_ob_teleporter_use&quot;:false,&quot;_ob_column_hoveranimator&quot;:&quot;no&quot;,&quot;_ob_column_has_pseudo&quot;:&quot;no&quot;}\">\n\t\t\t<div class=\"elementor-widget-wrap elementor-element-populated\">\n\t\t\t\t\t\t<div class=\"elementor-element elementor-element-707ba125 ob-harakiri-inherit ob-has-background-overlay elementor-widget elementor-widget-heading\" data-id=\"707ba125\" data-element_type=\"widget\" data-e-type=\"widget\" data-settings=\"{&quot;_ob_use_harakiri&quot;:&quot;yes&quot;,&quot;_ob_harakiri_writing_mode&quot;:&quot;inherit&quot;,&quot;_ob_harakiri_text_clip&quot;:&quot;none&quot;,&quot;_ob_perspektive_use&quot;:&quot;no&quot;,&quot;_ob_poopart_use&quot;:&quot;yes&quot;,&quot;_ob_shadough_use&quot;:&quot;no&quot;,&quot;_ob_allow_hoveranimator&quot;:&quot;no&quot;,&quot;_ob_widget_stalker_use&quot;:&quot;no&quot;}\" data-widget_type=\"heading.default\">\n\t\t\t\t<div class=\"elementor-widget-container\">\n\t\t\t\t\t<h1 class=\"elementor-heading-title elementor-size-default\">Conditions de vente<\/h1>\t\t\t\t<\/div>\n\t\t\t\t<\/div>\n\t\t\t\t<div class=\"elementor-element elementor-element-7f1f91cb elementor-widget-divider--view-line ob-has-background-overlay elementor-widget elementor-widget-divider\" data-id=\"7f1f91cb\" data-element_type=\"widget\" data-e-type=\"widget\" data-settings=\"{&quot;_ob_perspektive_use&quot;:&quot;no&quot;,&quot;_ob_poopart_use&quot;:&quot;yes&quot;,&quot;_ob_shadough_use&quot;:&quot;no&quot;,&quot;_ob_allow_hoveranimator&quot;:&quot;no&quot;,&quot;_ob_widget_stalker_use&quot;:&quot;no&quot;}\" data-widget_type=\"divider.default\">\n\t\t\t\t<div class=\"elementor-widget-container\">\n\t\t\t\t\t\t\t<div class=\"elementor-divider\">\n\t\t\t<span class=\"elementor-divider-separator\">\n\t\t\t\t\t\t<\/span>\n\t\t<\/div>\n\t\t\t\t\t\t<\/div>\n\t\t\t\t<\/div>\n\t\t\t\t\t<\/div>\n\t\t<\/div>\n\t\t\t\t\t<\/div>\n\t\t<\/section>\n\t\t\t\t<section class=\"ob-is-breaking-bad elementor-section elementor-top-section elementor-element elementor-element-ad609d5 animated-slow elementor-section-boxed elementor-section-height-default elementor-section-height-default\" data-id=\"ad609d5\" data-element_type=\"section\" data-e-type=\"section\" data-settings=\"{&quot;animation&quot;:&quot;none&quot;,&quot;_ob_bbad_use_it&quot;:&quot;yes&quot;,&quot;_ob_bbad_sssic_use&quot;:&quot;no&quot;,&quot;_ob_glider_is_slider&quot;:&quot;no&quot;}\">\n\t\t\t\t\t\t\t<div class=\"elementor-background-overlay\"><\/div>\n\t\t\t\t\t\t\t<div class=\"elementor-container elementor-column-gap-default\">\n\t\t\t\t\t<div class=\"elementor-column elementor-col-100 elementor-top-column elementor-element elementor-element-8e5dbcb\" data-id=\"8e5dbcb\" data-element_type=\"column\" data-e-type=\"column\" data-settings=\"{&quot;background_background&quot;:&quot;classic&quot;,&quot;_ob_bbad_is_stalker&quot;:&quot;no&quot;,&quot;_ob_teleporter_use&quot;:false,&quot;_ob_column_hoveranimator&quot;:&quot;no&quot;,&quot;_ob_column_has_pseudo&quot;:&quot;no&quot;}\">\n\t\t\t<div class=\"elementor-widget-wrap elementor-element-populated\">\n\t\t\t\t\t<div class=\"elementor-background-overlay\"><\/div>\n\t\t\t\t\t\t<div class=\"elementor-element elementor-element-146b271 ob-harakiri-inherit ob-has-background-overlay elementor-widget elementor-widget-heading\" data-id=\"146b271\" data-element_type=\"widget\" data-e-type=\"widget\" data-settings=\"{&quot;_ob_use_harakiri&quot;:&quot;yes&quot;,&quot;_ob_harakiri_writing_mode&quot;:&quot;inherit&quot;,&quot;_ob_harakiri_text_clip&quot;:&quot;none&quot;,&quot;_ob_perspektive_use&quot;:&quot;no&quot;,&quot;_ob_poopart_use&quot;:&quot;yes&quot;,&quot;_ob_shadough_use&quot;:&quot;no&quot;,&quot;_ob_allow_hoveranimator&quot;:&quot;no&quot;,&quot;_ob_widget_stalker_use&quot;:&quot;no&quot;}\" data-widget_type=\"heading.default\">\n\t\t\t\t<div class=\"elementor-widget-container\">\n\t\t\t\t\t<h2 class=\"elementor-heading-title elementor-size-default\">Nos conditions de vente<\/h2>\t\t\t\t<\/div>\n\t\t\t\t<\/div>\n\t\t\t\t<div class=\"elementor-element elementor-element-6c3d0ff ob-harakiri-inherit ob-has-background-overlay elementor-widget elementor-widget-text-editor\" data-id=\"6c3d0ff\" data-element_type=\"widget\" data-e-type=\"widget\" data-settings=\"{&quot;_ob_use_harakiri&quot;:&quot;yes&quot;,&quot;_ob_harakiri_writing_mode&quot;:&quot;inherit&quot;,&quot;_ob_postman_use&quot;:&quot;no&quot;,&quot;_ob_perspektive_use&quot;:&quot;no&quot;,&quot;_ob_poopart_use&quot;:&quot;yes&quot;,&quot;_ob_shadough_use&quot;:&quot;no&quot;,&quot;_ob_allow_hoveranimator&quot;:&quot;no&quot;,&quot;_ob_widget_stalker_use&quot;:&quot;no&quot;}\" data-widget_type=\"text-editor.default\">\n\t\t\t\t<div class=\"elementor-widget-container\">\n\t\t\t\t\t\t\t\t\t<p><span style=\"text-decoration: underline;\"><strong>Conditions de r\u00e9servation<\/strong><\/span><strong> :<\/strong><\/p><p>Une emprunte de carte de cr\u00e9dit vous sera demand\u00e9e lors de la r\u00e9servation<\/p><p><span style=\"text-decoration: underline;\"><strong>Conditions d\u2019annulation<\/strong><\/span><strong> :<\/strong><\/p><p><b><u>Tarif Flexible<\/u>\u00a0<\/b>: Annulation sans frais jusqu\u2019\u00e0 1 jour avant l\u2019arriv\u00e9e (12h00). En cas d\u2019annulation moins de 1 jour avant l\u2019arriv\u00e9e ou en cas de no show 100% de la r\u00e9servation sera pr\u00e9lev\u00e9.<\/p><p><b><u>Tarif non annulable<\/u><\/b> : 100% du montant de la r\u00e9servation seront pr\u00e9lev\u00e9s \u00e0 la r\u00e9servation. Le s\u00e9jour n\u2019est pas annulable ni remboursable.<\/p><p><span style=\"text-decoration: underline;\"><strong>En cas de non pr\u00e9sentation<\/strong><\/span><strong> :<\/strong><\/p><p>Si vous omettez d\u2019annuler, le montant total du s\u00e9jour sera factur\u00e9 sur votre carte de cr\u00e9dit.<\/p><p>Nous acceptons les ch\u00e8ques vacances, les cartes bancaires visa master card, esp\u00e8ce<\/p><p>Taxe de s\u00e9jour : D\u00e9lib\u00e9ration disponible \u00e0 l&rsquo;accueil.<\/p><p>Nos tarifs sont modifiables sans pr\u00e9avis.<\/p><p>Le droit de r\u00e9tractation ne s\u2019applique pas pour les h\u00e9bergements d\u2019h\u00f4tellerie pr\u00e9vu \u00e0 l\u2019article L.221-28 12\u00b0 du Code de la Consommation d\u00e9crit dans l\u2019Article L. 221-28 du Code de la Consommation.<\/p><p>En cas de litige non r\u00e9solu, apr\u00e8s avoir saisi le service client de notre \u00e9tablissement, et \u00e0 d\u00e9faut de r\u00e9ponse satisfaisante dans un d\u00e9lai de 60 jours, le client peut saisir le M\u00e9diateur du Tourisme et du Voyage, dont les coordonn\u00e9es et modalit\u00e9s de saisine sont : www.mtv.travel. Adresse postale : Mediation Tourisme et Voyage BP8030375823 Paris cedex 17.<\/p>\t\t\t\t\t\t\t\t<\/div>\n\t\t\t\t<\/div>\n\t\t\t\t<div class=\"elementor-element elementor-element-197d427 elementor-align-center ob-has-background-overlay elementor-widget elementor-widget-button\" data-id=\"197d427\" data-element_type=\"widget\" data-e-type=\"widget\" data-settings=\"{&quot;_ob_butterbutton_use_it&quot;:&quot;no&quot;,&quot;_ob_perspektive_use&quot;:&quot;no&quot;,&quot;_ob_poopart_use&quot;:&quot;yes&quot;,&quot;_ob_shadough_use&quot;:&quot;no&quot;,&quot;_ob_allow_hoveranimator&quot;:&quot;no&quot;,&quot;_ob_widget_stalker_use&quot;:&quot;no&quot;}\" data-widget_type=\"button.default\">\n\t\t\t\t<div class=\"elementor-widget-container\">\n\t\t\t\t\t\t\t\t\t<div class=\"elementor-button-wrapper\">\n\t\t\t\t\t<a class=\"elementor-button elementor-button-link elementor-size-sm\" href=\"https:\/\/site-en-production.com\/hotellegrandchenesologne\">\n\t\t\t\t\t\t<span class=\"elementor-button-content-wrapper\">\n\t\t\t\t\t\t\t\t\t<span class=\"elementor-button-text\">Retour \u00e0 l'accueil<\/span>\n\t\t\t\t\t<\/span>\n\t\t\t\t\t<\/a>\n\t\t\t\t<\/div>\n\t\t\t\t\t\t\t\t<\/div>\n\t\t\t\t<\/div>\n\t\t\t\t\t<\/div>\n\t\t<\/div>\n\t\t\t\t\t<\/div>\n\t\t<\/section>\n\t\t\t\t<\/div>\n\t\t","protected":false},"excerpt":{"rendered":"<p>Conditions de vente Nos conditions de vente Conditions de r\u00e9servation : Une emprunte de carte de cr\u00e9dit vous sera demand\u00e9e lors de la r\u00e9servation Conditions d\u2019annulation : Tarif Flexible\u00a0: Annulation sans frais jusqu\u2019\u00e0 1 jour avant l\u2019arriv\u00e9e (12h00). En cas d\u2019annulation moins de 1 jour avant l\u2019arriv\u00e9e ou en cas de no show 100% de [&hellip;]<\/p>\n","protected":false},"author":1,"featured_media":0,"parent":0,"menu_order":0,"comment_status":"closed","ping_status":"closed","template":"elementor_canvas","meta":{"footnotes":""},"class_list":["post-317","page","type-page","status-publish","hentry"],"yoast_head":"<!-- This site is optimized with the Yoast SEO plugin v27.4 - https:\/\/yoast.com\/product\/yoast-seo-wordpress\/ -->\n<title>Conditions de vente - Hotel le Grand Ch\u00eane Sologne<\/title>\n<meta name=\"robots\" content=\"index, follow, max-snippet:-1, max-image-preview:large, max-video-preview:-1\" \/>\n<link rel=\"canonical\" href=\"https:\/\/site-en-production.com\/hotellegrandchenesologne\/conditions-de-vente\/\" \/>\n<meta property=\"og:locale\" content=\"fr_FR\" \/>\n<meta property=\"og:type\" content=\"article\" \/>\n<meta property=\"og:title\" content=\"Conditions de vente - Hotel le Grand Ch\u00eane Sologne\" \/>\n<meta property=\"og:description\" content=\"Conditions de vente Nos conditions de vente Conditions de r\u00e9servation : Une emprunte de carte de cr\u00e9dit vous sera demand\u00e9e lors de la r\u00e9servation Conditions d\u2019annulation : Tarif Flexible\u00a0: Annulation sans frais jusqu\u2019\u00e0 1 jour avant l\u2019arriv\u00e9e (12h00). En cas d\u2019annulation moins de 1 jour avant l\u2019arriv\u00e9e ou en cas de no show 100% de [&hellip;]\" \/>\n<meta property=\"og:url\" content=\"https:\/\/site-en-production.com\/hotellegrandchenesologne\/conditions-de-vente\/\" \/>\n<meta property=\"og:site_name\" content=\"Hotel le Grand Ch\u00eane Sologne\" \/>\n<meta property=\"article:modified_time\" content=\"2024-03-22T09:39:26+00:00\" \/>\n<meta name=\"twitter:card\" content=\"summary_large_image\" \/>\n<meta name=\"twitter:label1\" content=\"Dur\u00e9e de lecture estim\u00e9e\" \/>\n\t<meta name=\"twitter:data1\" content=\"2 minutes\" \/>\n<script type=\"application\/ld+json\" class=\"yoast-schema-graph\">{\"@context\":\"https:\\\/\\\/schema.org\",\"@graph\":[{\"@type\":\"WebPage\",\"@id\":\"https:\\\/\\\/site-en-production.com\\\/hotellegrandchenesologne\\\/conditions-de-vente\\\/\",\"url\":\"https:\\\/\\\/site-en-production.com\\\/hotellegrandchenesologne\\\/conditions-de-vente\\\/\",\"name\":\"Conditions de vente - Hotel le Grand Ch\u00eane Sologne\",\"isPartOf\":{\"@id\":\"https:\\\/\\\/site-en-production.com\\\/hotellegrandchenesologne\\\/#website\"},\"datePublished\":\"2024-03-21T08:06:50+00:00\",\"dateModified\":\"2024-03-22T09:39:26+00:00\",\"breadcrumb\":{\"@id\":\"https:\\\/\\\/site-en-production.com\\\/hotellegrandchenesologne\\\/conditions-de-vente\\\/#breadcrumb\"},\"inLanguage\":\"fr-FR\",\"potentialAction\":[{\"@type\":\"ReadAction\",\"target\":[\"https:\\\/\\\/site-en-production.com\\\/hotellegrandchenesologne\\\/conditions-de-vente\\\/\"]}]},{\"@type\":\"BreadcrumbList\",\"@id\":\"https:\\\/\\\/site-en-production.com\\\/hotellegrandchenesologne\\\/conditions-de-vente\\\/#breadcrumb\",\"itemListElement\":[{\"@type\":\"ListItem\",\"position\":1,\"name\":\"Accueil\",\"item\":\"https:\\\/\\\/site-en-production.com\\\/hotellegrandchenesologne\\\/\"},{\"@type\":\"ListItem\",\"position\":2,\"name\":\"Conditions de vente\"}]},{\"@type\":\"WebSite\",\"@id\":\"https:\\\/\\\/site-en-production.com\\\/hotellegrandchenesologne\\\/#website\",\"url\":\"https:\\\/\\\/site-en-production.com\\\/hotellegrandchenesologne\\\/\",\"name\":\"Hotel le Grand Ch\u00eane Sologne\",\"description\":\"H\u00f4tel le grand ch\u00eane en Sologne\",\"publisher\":{\"@id\":\"https:\\\/\\\/site-en-production.com\\\/hotellegrandchenesologne\\\/#organization\"},\"potentialAction\":[{\"@type\":\"SearchAction\",\"target\":{\"@type\":\"EntryPoint\",\"urlTemplate\":\"https:\\\/\\\/site-en-production.com\\\/hotellegrandchenesologne\\\/?s={search_term_string}\"},\"query-input\":{\"@type\":\"PropertyValueSpecification\",\"valueRequired\":true,\"valueName\":\"search_term_string\"}}],\"inLanguage\":\"fr-FR\"},{\"@type\":\"Organization\",\"@id\":\"https:\\\/\\\/site-en-production.com\\\/hotellegrandchenesologne\\\/#organization\",\"name\":\"Hotel le Grand Ch\u00eane Sologne\",\"url\":\"https:\\\/\\\/site-en-production.com\\\/hotellegrandchenesologne\\\/\",\"logo\":{\"@type\":\"ImageObject\",\"inLanguage\":\"fr-FR\",\"@id\":\"https:\\\/\\\/site-en-production.com\\\/hotellegrandchenesologne\\\/#\\\/schema\\\/logo\\\/image\\\/\",\"url\":\"https:\\\/\\\/site-en-production.com\\\/hotellegrandchenesologne\\\/wp-content\\\/uploads\\\/2024\\\/03\\\/cropped-LOGO.jpg\",\"contentUrl\":\"https:\\\/\\\/site-en-production.com\\\/hotellegrandchenesologne\\\/wp-content\\\/uploads\\\/2024\\\/03\\\/cropped-LOGO.jpg\",\"width\":517,\"height\":166,\"caption\":\"Hotel le Grand Ch\u00eane Sologne\"},\"image\":{\"@id\":\"https:\\\/\\\/site-en-production.com\\\/hotellegrandchenesologne\\\/#\\\/schema\\\/logo\\\/image\\\/\"}}]}<\/script>\n<!-- \/ Yoast SEO plugin. -->","yoast_head_json":{"title":"Conditions de vente - Hotel le Grand Ch\u00eane Sologne","robots":{"index":"index","follow":"follow","max-snippet":"max-snippet:-1","max-image-preview":"max-image-preview:large","max-video-preview":"max-video-preview:-1"},"canonical":"https:\/\/site-en-production.com\/hotellegrandchenesologne\/conditions-de-vente\/","og_locale":"fr_FR","og_type":"article","og_title":"Conditions de vente - Hotel le Grand Ch\u00eane Sologne","og_description":"Conditions de vente Nos conditions de vente Conditions de r\u00e9servation : Une emprunte de carte de cr\u00e9dit vous sera demand\u00e9e lors de la r\u00e9servation Conditions d\u2019annulation : Tarif Flexible\u00a0: Annulation sans frais jusqu\u2019\u00e0 1 jour avant l\u2019arriv\u00e9e (12h00). En cas d\u2019annulation moins de 1 jour avant l\u2019arriv\u00e9e ou en cas de no show 100% de [&hellip;]","og_url":"https:\/\/site-en-production.com\/hotellegrandchenesologne\/conditions-de-vente\/","og_site_name":"Hotel le Grand Ch\u00eane Sologne","article_modified_time":"2024-03-22T09:39:26+00:00","twitter_card":"summary_large_image","twitter_misc":{"Dur\u00e9e de lecture estim\u00e9e":"2 minutes"},"schema":{"@context":"https:\/\/schema.org","@graph":[{"@type":"WebPage","@id":"https:\/\/site-en-production.com\/hotellegrandchenesologne\/conditions-de-vente\/","url":"https:\/\/site-en-production.com\/hotellegrandchenesologne\/conditions-de-vente\/","name":"Conditions de vente - Hotel le Grand Ch\u00eane Sologne","isPartOf":{"@id":"https:\/\/site-en-production.com\/hotellegrandchenesologne\/#website"},"datePublished":"2024-03-21T08:06:50+00:00","dateModified":"2024-03-22T09:39:26+00:00","breadcrumb":{"@id":"https:\/\/site-en-production.com\/hotellegrandchenesologne\/conditions-de-vente\/#breadcrumb"},"inLanguage":"fr-FR","potentialAction":[{"@type":"ReadAction","target":["https:\/\/site-en-production.com\/hotellegrandchenesologne\/conditions-de-vente\/"]}]},{"@type":"BreadcrumbList","@id":"https:\/\/site-en-production.com\/hotellegrandchenesologne\/conditions-de-vente\/#breadcrumb","itemListElement":[{"@type":"ListItem","position":1,"name":"Accueil","item":"https:\/\/site-en-production.com\/hotellegrandchenesologne\/"},{"@type":"ListItem","position":2,"name":"Conditions de vente"}]},{"@type":"WebSite","@id":"https:\/\/site-en-production.com\/hotellegrandchenesologne\/#website","url":"https:\/\/site-en-production.com\/hotellegrandchenesologne\/","name":"Hotel le Grand Ch\u00eane Sologne","description":"H\u00f4tel le grand ch\u00eane en Sologne","publisher":{"@id":"https:\/\/site-en-production.com\/hotellegrandchenesologne\/#organization"},"potentialAction":[{"@type":"SearchAction","target":{"@type":"EntryPoint","urlTemplate":"https:\/\/site-en-production.com\/hotellegrandchenesologne\/?s={search_term_string}"},"query-input":{"@type":"PropertyValueSpecification","valueRequired":true,"valueName":"search_term_string"}}],"inLanguage":"fr-FR"},{"@type":"Organization","@id":"https:\/\/site-en-production.com\/hotellegrandchenesologne\/#organization","name":"Hotel le Grand Ch\u00eane Sologne","url":"https:\/\/site-en-production.com\/hotellegrandchenesologne\/","logo":{"@type":"ImageObject","inLanguage":"fr-FR","@id":"https:\/\/site-en-production.com\/hotellegrandchenesologne\/#\/schema\/logo\/image\/","url":"https:\/\/site-en-production.com\/hotellegrandchenesologne\/wp-content\/uploads\/2024\/03\/cropped-LOGO.jpg","contentUrl":"https:\/\/site-en-production.com\/hotellegrandchenesologne\/wp-content\/uploads\/2024\/03\/cropped-LOGO.jpg","width":517,"height":166,"caption":"Hotel le Grand Ch\u00eane Sologne"},"image":{"@id":"https:\/\/site-en-production.com\/hotellegrandchenesologne\/#\/schema\/logo\/image\/"}}]}},"_links":{"self":[{"href":"https:\/\/site-en-production.com\/hotellegrandchenesologne\/wp-json\/wp\/v2\/pages\/317","targetHints":{"allow":["GET"]}}],"collection":[{"href":"https:\/\/site-en-production.com\/hotellegrandchenesologne\/wp-json\/wp\/v2\/pages"}],"about":[{"href":"https:\/\/site-en-production.com\/hotellegrandchenesologne\/wp-json\/wp\/v2\/types\/page"}],"author":[{"embeddable":true,"href":"https:\/\/site-en-production.com\/hotellegrandchenesologne\/wp-json\/wp\/v2\/users\/1"}],"replies":[{"embeddable":true,"href":"https:\/\/site-en-production.com\/hotellegrandchenesologne\/wp-json\/wp\/v2\/comments?post=317"}],"version-history":[{"count":34,"href":"https:\/\/site-en-production.com\/hotellegrandchenesologne\/wp-json\/wp\/v2\/pages\/317\/revisions"}],"predecessor-version":[{"id":419,"href":"https:\/\/site-en-production.com\/hotellegrandchenesologne\/wp-json\/wp\/v2\/pages\/317\/revisions\/419"}],"wp:attachment":[{"href":"https:\/\/site-en-production.com\/hotellegrandchenesologne\/wp-json\/wp\/v2\/media?parent=317"}],"curies":[{"name":"wp","href":"https:\/\/api.w.org\/{rel}","templated":true}]}}